{"id":3391,"date":"2026-03-24T15:18:18","date_gmt":"2026-03-24T14:18:18","guid":{"rendered":"https:\/\/www.morselt.com\/?page_id=3391"},"modified":"2026-03-26T12:36:09","modified_gmt":"2026-03-26T11:36:09","slug":"filterpresse","status":"publish","type":"page","link":"https:\/\/www.morselt.com\/de\/abwasseraufbereitung\/filterpresse\/","title":{"rendered":"Filterpresse"},"content":{"rendered":"<div class=\"wpb-content-wrapper\"><p>[vc_row content_placement=&#8220;middle&#8220; el_class=&#8220;moderne_section_text&#8220;][vc_column width=&#8220;1\/2&#8243;][vc_column_text css=&#8220;.vc_custom_1774451265573{margin-bottom: 32px !important;}&#8220;]<\/p>\n<h2>Filterpresse<\/h2>\n<p>[\/vc_column_text][vc_column_text css=&#8220;.vc_custom_1774361134239{margin-bottom: 16px !important;}&#8220;]<b>Ihr offizieller Aquachem-Partner f\u00fcr die BeNeLux<\/b>[\/vc_column_text][vc_column_text css=&#8220;&#8220;]Morselt Watertechniek ist der exklusive Partner und autorisierte H\u00e4ndler von Aquachem f\u00fcr die gesamte BeNeLux-Region. Durch diese strategische Partnerschaft schlagen wir die Br\u00fccke zwischen hochwertiger deutscher Filtrationstechnologie und pers\u00f6nlicher, lokaler Betreuung. Unsere Kunden profitieren von den innovativen Systemen von Aquachem, vollst\u00e4ndig unterst\u00fctzt durch die langj\u00e4hrige Expertise und den hochwertigen Service von Morselt.[\/vc_column_text][\/vc_column][vc_column width=&#8220;1\/2&#8243;][vc_single_image image=&#8220;3399&#8243; img_size=&#8220;full&#8220; css=&#8220;&#8220; image_alt=&#8220;aquachem&#8220;][\/vc_column][\/vc_row][vc_row content_placement=&#8220;middle&#8220; el_class=&#8220;duurzaam_section&#8220;][vc_column width=&#8220;1\/2&#8243; el_class=&#8220;duurzaam_section_text&#8220;][vc_column_text css=&#8220;.vc_custom_1774361182351{margin-bottom: 32px !important;}&#8220;]<\/p>\n<h2>Flexible Integration in Ihren Prozess<\/h2>\n<p>[\/vc_column_text][vc_column_text css=&#8220;&#8220;]<\/p>\n<p class=\"p1\">Die fortschrittlichen Filtrationsl\u00f6sungen von Aquachem sind f\u00fcr eine nahtlose Integration in verschiedenste industrielle Prozesse ausgelegt. Wir bieten zwei prim\u00e4re Konfigurationen:<\/p>\n<p>[\/vc_column_text][vc_column_text css=&#8220;&#8220;]<\/p>\n<p class=\"p1\"><b>Standalone-Konfigurationen: <\/b>Eine (Kammer-)Filterpresse als eigenst\u00e4ndige Einheit, die direkt und effizient in Ihre bestehende Prozesslinie integriert wird.<\/p>\n<p>[\/vc_column_text][vc_column_text css=&#8220;&#8220;]<\/p>\n<p class=\"p1\"><b>Integrierte Systeml\u00f6sungen: <\/b>Komplette Anlagen zur Abwasser- und Prozesswasserbehandlung, bei denen die Filtrationstechnik als leistungsstarke nachgeschaltete Stufe unserer eigenen Elektrokoagulations-Technologie (RedBox) fungiert.<\/p>\n<p>[\/vc_column_text][vc_column_text css=&#8220;&#8220;]<\/p>\n<p class=\"p1\"><b>Geb\u00fcndelte Kr\u00e4fte: <\/b>Der gr\u00f6\u00dfte Vorteil f\u00fcr unsere Kunden liegt in der Kombination eines internationalen Marktf\u00fchrers mit der Flexibilit\u00e4t eines lokalen Spezialisten. Sie profitieren von globaler Innovationskraft bei gleichzeitig kurzen Kommunikationswegen und schneller Unterst\u00fctzung.<\/p>\n<p class=\"p1\">Ob komplexe Prozesswasserfragen oder spezifische Anforderungen in der Abwasserbehandlung \u2013 wir liefern praxisgerechte und zuverl\u00e4ssige L\u00f6sungen nach Ma\u00df.<\/p>\n<p>[\/vc_column_text][vc_btn title=&#8220;Bitte kontaktieren Sie uns unverbindlich&#8220; css=&#8220;&#8220; link=&#8220;url:%2Fde%2Fcontact%2F|title:CONTACT&#8220;][\/vc_column][vc_column width=&#8220;1\/2&#8243; el_class=&#8220;duurzaam_section_img&#8220;][vc_single_image image=&#8220;3400&#8243; img_size=&#8220;full&#8220; alignment=&#8220;right&#8220; css=&#8220;&#8220; image_alt=&#8220;Morselt Wasseraufbereitung&#8220;][\/vc_column][\/vc_row][vc_row full_width=&#8220;stretch_row&#8220; el_class=&#8220;benieuwd_section&#8220; css=&#8220;.vc_custom_1753337883887{background-color: #980321 !important;}&#8220;][vc_column width=&#8220;1\/2&#8243; el_class=&#8220;benieuwd_section_title&#8220;][vc_column_text css=&#8220;&#8220; el_class=&#8220;bg_subtitle&#8220;]<\/p>\n<h6>INTERESSIERT<\/h6>\n<p>[\/vc_column_text][vc_column_text css=&#8220;&#8220;]<\/p>\n<h2>Kontaktieren Sie uns<\/h2>\n<p>[\/vc_column_text][\/vc_column][vc_column width=&#8220;1\/2&#8243; el_class=&#8220;benieuwd_section_btn&#8220;][vc_btn title=&#8220;Bitte kontaktieren Sie uns unverbindlich&#8220; align=&#8220;right&#8220; css=&#8220;&#8220; el_class=&#8220;bluw-btn-primary&#8220; link=&#8220;url:%2Fde%2Fcontact%2F|title:CONTACT&#8220;][\/vc_column][\/vc_row][vc_row full_width=&#8220;stretch_row&#8220; disable_element=&#8220;yes&#8220; el_class=&#8220;voordelen_section&#8220; css=&#8220;.vc_custom_1767698752139{background-color: #0E1B2F !important;}&#8220;][vc_column][vc_column_text css=&#8220;&#8220; el_class=&#8220;voordelen_section_title&#8220;]<\/p>\n<h3 style=\"text-align: center;\">De voordelen op een rij:<\/h3>\n<p>[\/vc_column_text][vc_row_inner el_class=&#8220;voordelen_section_bg&#8220;][vc_column_inner el_class=&#8220;voordelen_section_bg_item&#8220; width=&#8220;1\/2&#8243;][vc_single_image image=&#8220;2720&#8243; img_size=&#8220;full&#8220; css=&#8220;&#8220;][vc_column_text css=&#8220;&#8220;]<\/p>\n<h4>Effici\u00ebnt en effectief:<\/h4>\n<p>RedBox verwijdert in \u00e9\u00e9n stap \u200b\u200bverschillende verontreinigingen zoals zware metalen, olieresten en organische verbindingen, zwevend stof en CZV.[\/vc_column_text][\/vc_column_inner][vc_column_inner el_class=&#8220;voordelen_section_bg_item&#8220; width=&#8220;1\/2&#8243;][vc_single_image image=&#8220;2723&#8243; img_size=&#8220;full&#8220; css=&#8220;&#8220;][vc_column_text css=&#8220;&#8220;]<\/p>\n<h4>Flexibel:<\/h4>\n<p>Het RedBox systeem wordt aangepast aan uw specifieke eisen en maakt nauwkeurige procescontrole simpel.[\/vc_column_text][\/vc_column_inner][vc_column_inner el_class=&#8220;voordelen_section_bg_item&#8220; width=&#8220;1\/2&#8243;][vc_single_image image=&#8220;2718&#8243; img_size=&#8220;full&#8220; css=&#8220;&#8220;][vc_column_text css=&#8220;&#8220;]<\/p>\n<h4>Chemievrij:<\/h4>\n<p>Doorgaans is inzet van chemicali\u00ebn niet nodig. Dit resulteert in lagere zuiveringskosten per m3, een lagere milieubelasting en optimaal gebruiksgemak.[\/vc_column_text][\/vc_column_inner][vc_column_inner el_class=&#8220;voordelen_section_bg_item&#8220; width=&#8220;1\/2&#8243;][vc_single_image image=&#8220;2726&#8243; img_size=&#8220;full&#8220; css=&#8220;&#8220;][vc_column_text css=&#8220;&#8220;]<\/p>\n<h4>Lagere kosten:<\/h4>\n<p>Morselt RedBox is eenvoudig te gebruiken en vergt minimaal onderhoud. Dit resulteert in lage bedrijfskosten en een langere levensduur.[\/vc_column_text][\/vc_column_inner][vc_column_inner el_class=&#8220;voordelen_section_bg_item&#8220; width=&#8220;1\/2&#8243;][vc_single_image image=&#8220;2715&#8243; img_size=&#8220;full&#8220; css=&#8220;&#8220;][vc_column_text css=&#8220;&#8220;]<\/p>\n<h4>Brede toepassing:<\/h4>\n<p>Elektrocoagulatie wordt al toegepast in veel industrie\u00ebn, waaronder metaalbewerking, galvano, verf- en lakproductie, kartonnage en industri\u00eble reiniging.[\/vc_column_text][\/vc_column_inner][vc_column_inner el_class=&#8220;voordelen_section_bg_item&#8220; width=&#8220;1\/2&#8243;][vc_single_image image=&#8220;2745&#8243; img_size=&#8220;full&#8220; css=&#8220;&#8220;][vc_column_text css=&#8220;&#8220;]<\/p>\n<h4>Geautomatiseerd:<\/h4>\n<p>RedBox is volledig geautomatiseerd en kan eenvoudig via een app op uw smartphone of computer worden gemonitord en bestuurd.[\/vc_column_text][\/vc_column_inner][\/vc_row_inner][\/vc_column][\/vc_row][vc_row disable_element=&#8220;yes&#8220; el_class=&#8220;morselt_redbox_bg_image&#8220;][vc_column][vc_single_image image=&#8220;2670&#8243; img_size=&#8220;full&#8220; alignment=&#8220;center&#8220; css=&#8220;&#8220; image_alt=&#8220;afvaltwaterzuivering op maat&#8220;][\/vc_column][\/vc_row][vc_row disable_element=&#8220;yes&#8220; el_class=&#8220;stukje_section_bg&#8220;][vc_column width=&#8220;1\/4&#8243; el_class=&#8220;stukje_section_bg_item&#8220;][vc_single_image image=&#8220;2730&#8243; img_size=&#8220;full&#8220; alignment=&#8220;center&#8220; css=&#8220;&#8220; el_class=&#8220;stukje_section_bg_item_icon&#8220;][vc_column_text css=&#8220;&#8220;]<\/p>\n<h4 style=\"text-align: center;\">MORSELT-Redbox<\/h4>\n<p>[\/vc_column_text][vc_single_image image=&#8220;2713&#8243; img_size=&#8220;full&#8220; alignment=&#8220;center&#8220; css=&#8220;&#8220; el_class=&#8220;arrow_icon&#8220;][\/vc_column][vc_column width=&#8220;1\/4&#8243; el_class=&#8220;stukje_section_bg_item&#8220;][vc_single_image image=&#8220;2721&#8243; img_size=&#8220;full&#8220; alignment=&#8220;center&#8220; css=&#8220;&#8220; el_class=&#8220;stukje_section_bg_item_icon&#8220;][vc_column_text css=&#8220;&#8220;]<\/p>\n<h4 style=\"text-align: center;\">Elektrocoagulatie<\/h4>\n<p>[\/vc_column_text][vc_single_image image=&#8220;2713&#8243; img_size=&#8220;full&#8220; alignment=&#8220;center&#8220; css=&#8220;&#8220; el_class=&#8220;arrow_icon&#8220;][\/vc_column][vc_column width=&#8220;1\/4&#8243; el_class=&#8220;stukje_section_bg_item&#8220;][vc_single_image image=&#8220;2733&#8243; img_size=&#8220;full&#8220; alignment=&#8220;center&#8220; css=&#8220;&#8220; el_class=&#8220;stukje_section_bg_item_icon&#8220;][vc_column_text css=&#8220;&#8220;]<\/p>\n<h4 style=\"text-align: center;\">Uw Industrie<\/h4>\n<p>[\/vc_column_text][vc_single_image image=&#8220;2713&#8243; img_size=&#8220;full&#8220; alignment=&#8220;center&#8220; css=&#8220;&#8220; el_class=&#8220;arrow_icon&#8220;][\/vc_column][vc_column width=&#8220;1\/4&#8243; el_class=&#8220;stukje_section_bg_item&#8220;][vc_single_image image=&#8220;2729&#8243; img_size=&#8220;full&#8220; alignment=&#8220;center&#8220; css=&#8220;&#8220; el_class=&#8220;stukje_section_bg_item_icon&#8220;][vc_column_text css=&#8220;&#8220;]<\/p>\n<h4 style=\"text-align: center;\">MORSELT Service<\/h4>\n<p>[\/vc_column_text][vc_single_image image=&#8220;2713&#8243; img_size=&#8220;full&#8220; alignment=&#8220;center&#8220; css=&#8220;&#8220; el_class=&#8220;arrow_icon&#8220;][\/vc_column][\/vc_row]<\/p>\n<\/div>","protected":false},"excerpt":{"rendered":"<p>[vc_row content_placement=&#8220;middle&#8220; el_class=&#8220;moderne_section_text&#8220;][vc_column width=&#8220;1\/2&#8243;][vc_column_text css=&#8220;.vc_custom_1774451265573{margin-bottom: 32px !important;}&#8220;] Filterpresse [\/vc_column_text][vc_column_text css=&#8220;.vc_custom_1774361134239{margin-bottom: 16px !important;}&#8220;]Ihr offizieller Aquachem-Partner f\u00fcr die BeNeLux[\/vc_column_text][vc_column_text css=&#8220;&#8220;]Morselt Watertechniek ist&#8230;<\/p>\n","protected":false},"author":1,"featured_media":0,"parent":2968,"menu_order":0,"comment_status":"closed","ping_status":"closed","template":"","meta":{"_acf_changed":false,"footnotes":""},"class_list":["post-3391","page","type-page","status-publish","hentry"],"acf":[],"_links":{"self":[{"href":"https:\/\/www.morselt.com\/de\/wp-json\/wp\/v2\/pages\/3391","targetHints":{"allow":["GET"]}}],"collection":[{"href":"https:\/\/www.morselt.com\/de\/wp-json\/wp\/v2\/pages"}],"about":[{"href":"https:\/\/www.morselt.com\/de\/wp-json\/wp\/v2\/types\/page"}],"author":[{"embeddable":true,"href":"https:\/\/www.morselt.com\/de\/wp-json\/wp\/v2\/users\/1"}],"replies":[{"embeddable":true,"href":"https:\/\/www.morselt.com\/de\/wp-json\/wp\/v2\/comments?post=3391"}],"version-history":[{"count":0,"href":"https:\/\/www.morselt.com\/de\/wp-json\/wp\/v2\/pages\/3391\/revisions"}],"up":[{"embeddable":true,"href":"https:\/\/www.morselt.com\/de\/wp-json\/wp\/v2\/pages\/2968"}],"wp:attachment":[{"href":"https:\/\/www.morselt.com\/de\/wp-json\/wp\/v2\/media?parent=3391"}],"curies":[{"name":"wp","href":"https:\/\/api.w.org\/{rel}","templated":true}]}}