{"id":2968,"date":"2025-07-23T12:38:31","date_gmt":"2025-07-23T11:38:31","guid":{"rendered":"https:\/\/www.morselt.com\/?page_id=2968"},"modified":"2026-02-13T09:09:46","modified_gmt":"2026-02-13T08:09:46","slug":"abwasseraufbereitung","status":"publish","type":"page","link":"https:\/\/www.morselt.com\/de\/abwasseraufbereitung\/","title":{"rendered":"Abwasseraufbereitung"},"content":{"rendered":"<div class=\"wpb-content-wrapper\"><p>[vc_row el_class=&#8220;stukje_section_title&#8220;][vc_column][vc_column_text css=&#8220;&#8220;]<\/p>\n<p style=\"text-align: center;\">Morselt Watertechniek bietet innovative L\u00f6sungen zur Abwasseraufbereitung, die auf die spezifischen Anforderungen industrieller Anwendungen abgestimmt sind.<\/p>\n<p>[\/vc_column_text][\/vc_column][\/vc_row][vc_row el_class=&#8220;moderne_section_text&#8220;][vc_column][vc_column_text css=&#8220;&#8220;]<\/p>\n<h3>Moderne industrielle Wasseraufbereitung<\/h3>\n<p>Morselt Watertechniek baut und installiert seit \u00fcber 35 Jahren die RedBox, unser kompaktes System zur Aufbereitung von Abwasser und Prozesswasser. Die RedBox reinigt Abwasser und Prozesswasser mittels Elektrokoagulation, einer bew\u00e4hrten Aufbereitungstechnik, selbst bei stark verschmutztem Wasser. Unsere moderne, chemiefreie Aufbereitungstechnologie steht f\u00fcr maximale Effizienz und hohen Bedienkomfort in der industriellen Wasseraufbereitung.[\/vc_column_text][\/vc_column][\/vc_row][vc_row el_class=&#8220;duurzaam_section&#8220;][vc_column width=&#8220;1\/2&#8243; el_class=&#8220;duurzaam_section_text&#8220;][vc_column_text css=&#8220;&#8220;]<\/p>\n<h3>Nachhaltig und kosteneffizient<\/h3>\n<p>[\/vc_column_text][vc_column_text css=&#8220;&#8220;]Morselt RedBox steht f\u00fcr eine effiziente Abwasseraufbereitung in Ihrem Unternehmen, in der Regel ohne den Einsatz von Chemikalien. Unsere Aufbereitungstechnologie ist die nachhaltige Alternative zur klassischen <a href=\"\/de\/waterzuivering\/\">Wasseraufbereitung<\/a> mit Chemikalien und hilft Ihnen, Ihre Aufbereitungskosten zu senken. Der Verzicht auf Chemikalien reduziert die Umweltbelastung, w\u00e4hrend Ihr Abwasser dennoch effektiv gereinigt wird. So verkleinern Sie Ihren \u00f6kologischen Fu\u00dfabdruck und senken gleichzeitig Ihre Aufbereitungskosten.[\/vc_column_text][vc_btn title=&#8220;Unverbindlich Kontakt aufnehmen&#8220; css=&#8220;&#8220; link=&#8220;url:%2Fde%2Fcontact%2F&#8220;][\/vc_column][vc_column width=&#8220;1\/2&#8243; el_class=&#8220;duurzaam_section_img&#8220;][vc_single_image image=&#8220;2668&#8243; img_size=&#8220;full&#8220; alignment=&#8220;right&#8220; css=&#8220;&#8220; image_alt=&#8220;Morselt Red Box&#8220;][\/vc_column][\/vc_row][vc_row css=&#8220;.vc_custom_1770970172552{margin-bottom: 48px !important;}&#8220;][vc_column][vc_column_text css=&#8220;.vc_custom_1769079025803{margin-top: 32px !important;}&#8220;]<\/p>\n<p style=\"text-align: center;\"><strong>Unsere L\u00f6sungen ansehen<\/strong><\/p>\n<p>[\/vc_column_text][\/vc_column][\/vc_row][vc_row el_class=&#8220;stukje_section_bg&#8220;][vc_column width=&#8220;1\/3&#8243; el_class=&#8220;stukje_section_bg_item&#8220; column_link=&#8220;url:%2Fde%2Fabwasseraufbereitung%2Fwasserreinigung%2F&#8220;][vc_single_image image=&#8220;2733&#8243; img_size=&#8220;full&#8220; alignment=&#8220;center&#8220; css=&#8220;&#8220; el_class=&#8220;stukje_section_bg_item_icon&#8220;][vc_column_text css=&#8220;&#8220;]<\/p>\n<h4 style=\"text-align: center;\">Wasserreinigung<\/h4>\n<p>[\/vc_column_text][vc_single_image image=&#8220;2713&#8243; img_size=&#8220;full&#8220; alignment=&#8220;center&#8220; css=&#8220;&#8220; el_class=&#8220;arrow_icon&#8220;][\/vc_column][vc_column width=&#8220;1\/3&#8243; el_class=&#8220;stukje_section_bg_item&#8220; column_link=&#8220;url:%2Fde%2Fabwasseraufbereitung%2Fmorselt-redbox%2F|title:Morselt%20RedBox&#8220;][vc_single_image image=&#8220;2730&#8243; img_size=&#8220;full&#8220; alignment=&#8220;center&#8220; css=&#8220;&#8220; el_class=&#8220;stukje_section_bg_item_icon&#8220;][vc_column_text css=&#8220;&#8220;]<\/p>\n<h4 style=\"text-align: center;\">Morselt RedBox<\/h4>\n<p>[\/vc_column_text][vc_single_image image=&#8220;2713&#8243; img_size=&#8220;full&#8220; alignment=&#8220;center&#8220; css=&#8220;&#8220; el_class=&#8220;arrow_icon&#8220;][\/vc_column][vc_column width=&#8220;1\/3&#8243; el_class=&#8220;stukje_section_bg_item&#8220; column_link=&#8220;url:%2Fde%2Fabwasseraufbereitung%2Fmorselt-service%2F|title:Uw%20industrie&#8220;][vc_single_image image=&#8220;2729&#8243; img_size=&#8220;full&#8220; alignment=&#8220;center&#8220; css=&#8220;&#8220; el_class=&#8220;stukje_section_bg_item_icon&#8220;][vc_column_text css=&#8220;&#8220;]<\/p>\n<h4 style=\"text-align: center;\">Vorgehensweise &amp; Service<\/h4>\n<p>[\/vc_column_text][vc_single_image image=&#8220;2713&#8243; img_size=&#8220;full&#8220; alignment=&#8220;center&#8220; css=&#8220;&#8220; el_class=&#8220;arrow_icon&#8220;][\/vc_column][\/vc_row][vc_row full_width=&#8220;stretch_row&#8220; el_class=&#8220;topprestaties_section&#8220; css=&#8220;.vc_custom_1753333151671{background-color: #0E1B2F !important;}&#8220;][vc_column width=&#8220;1\/2&#8243; el_class=&#8220;topprestaties_section_img&#8220;][vc_single_image image=&#8220;2387&#8243; img_size=&#8220;full&#8220; css=&#8220;&#8220; image_alt=&#8220;Red Box&#8220;][\/vc_column][vc_column width=&#8220;1\/2&#8243; el_class=&#8220;topprestaties_section_text&#8220;][vc_column_text css=&#8220;&#8220;]<\/p>\n<h3>Top-Leistung, auch bei starker Verschmutzung<\/h3>\n<p>[\/vc_column_text][vc_column_text css=&#8220;&#8220;]<\/p>\n<p data-start=\"0\" data-end=\"443\">RedBox entfernt effektiv h\u00e4ufig vorkommende Verunreinigungen in Prozesswasser und Abwasser wie \u00d6le und Fette, L\u00f6sungsmittel, Schwermetalle, CSB und Schwebstoffe. Durch den Einsatz der Elektrokoagulation werden diese Verunreinigungen in einem einzigen Prozessschritt entfernt. Daher wird RedBox in vielen Branchen eingesetzt, etwa in der Metallverarbeitung, bei Farben und Farbstoffen, in der industriellen Reinigung und in der Textilindustrie.<\/p>\n<p data-start=\"445\" data-end=\"549\" data-is-last-node=\"\" data-is-only-node=\"\">In unserem Labor untersuchen wir Ihr Abwasser kostenfrei und erstellen eine ma\u00dfgeschneiderte Empfehlung.<\/p>\n<p>[\/vc_column_text][\/vc_column][\/vc_row][vc_row full_width=&#8220;stretch_row&#8220; el_class=&#8220;ontwerp_section&#8220; css=&#8220;.vc_custom_1753333776589{background-color: #0E1B2F !important;}&#8220;][vc_column width=&#8220;1\/2&#8243; el_class=&#8220;ontwerp_section_text&#8220;][vc_column_text css=&#8220;&#8220;]<\/p>\n<h3>Ma\u00dfgeschneidertes Design<\/h3>\n<p>[\/vc_column_text][vc_column_text css=&#8220;&#8220;]<\/p>\n<div class=\"flex flex-col text-sm pb-25\">\n<article class=\"text-token-text-primary w-full focus:outline-none [--shadow-height:45px] has-data-writing-block:pointer-events-none has-data-writing-block:-mt-(--shadow-height) has-data-writing-block:pt-(--shadow-height) [&amp;:has([data-writing-block])&gt;*]:pointer-events-auto scroll-mt-[calc(var(--header-height)+min(200px,max(70px,20svh)))]\" dir=\"auto\" tabindex=\"-1\" data-turn-id=\"request-6971ddf5-e020-832f-98e8-b3329988b232-4\" data-testid=\"conversation-turn-98\" data-scroll-anchor=\"true\" data-turn=\"assistant\">\n<div class=\"text-base my-auto mx-auto pb-10 [--thread-content-margin:--spacing(4)] @w-sm\/main:[--thread-content-margin:--spacing(6)] @w-lg\/main:[--thread-content-margin:--spacing(16)] px-(--thread-content-margin)\">\n<div class=\"[--thread-content-max-width:40rem] @w-lg\/main:[--thread-content-max-width:48rem] mx-auto max-w-(--thread-content-max-width) flex-1 group\/turn-messages focus-visible:outline-hidden relative flex w-full min-w-0 flex-col agent-turn\" tabindex=\"-1\">\n<div class=\"flex max-w-full flex-col grow\">\n<div class=\"min-h-8 text-message relative flex w-full flex-col items-end gap-2 text-start break-words whitespace-normal [.text-message+&amp;]:mt-1\" dir=\"auto\" data-message-author-role=\"assistant\" data-message-id=\"b85cea1d-0b37-4ff2-9c91-5c292a75bfe1\" data-message-model-slug=\"gpt-5-2\">\n<div class=\"flex w-full flex-col gap-1 empty:hidden first:pt-[1px]\">\n<div class=\"markdown prose dark:prose-invert w-full wrap-break-word light markdown-new-styling\">\n<p data-start=\"0\" data-end=\"504\" data-is-last-node=\"\" data-is-only-node=\"\">RedBox passt sich Ihrer Situation mit einem modularen Reaktorsystem an. Vom RB100-Reaktor mit einer Kapazit\u00e4t von bis zu 300 l\/h bis zum RB1000-Reaktor mit einer Leistung von bis zu 3.000 l\/h k\u00f6nnen Sie Ihre Kapazit\u00e4t einfach durch die Installation eines zus\u00e4tzlichen Reaktors erweitern. Jede Morselt RedBox ist kompakt konzipiert, platzsparend und l\u00e4sst sich problemlos in Ihrem Betrieb integrieren. Platzieren Sie die <a href=\"\/de\/afvalwaterzuivering\/morselt-redbox\/\">RedBox<\/a> in Ihrer Produktionshalle oder setzen Sie sie als mobile Containerl\u00f6sung ein.<\/p>\n<\/div>\n<\/div>\n<\/div>\n<\/div>\n<\/div>\n<\/div>\n<\/article>\n<\/div>\n<p>[\/vc_column_text][\/vc_column][vc_column width=&#8220;1\/2&#8243; el_class=&#8220;ontwerp_section_img&#8220;][vc_single_image image=&#8220;2388&#8243; img_size=&#8220;full&#8220; alignment=&#8220;right&#8220; css=&#8220;&#8220; image_alt=&#8220;Afvalwaterzuivering&#8220;][\/vc_column][\/vc_row][vc_row el_class=&#8220;automatische_section&#8220;][vc_column width=&#8220;1\/2&#8243; el_class=&#8220;automatische_section_img&#8220;][vc_single_image image=&#8220;2553&#8243; img_size=&#8220;full&#8220; css=&#8220;&#8220; image_alt=&#8220;Redbox&#8220;][\/vc_column][vc_column width=&#8220;1\/2&#8243; el_class=&#8220;automatische_section_text&#8220;][vc_column_text css=&#8220;&#8220;]<\/p>\n<h3>Automatische Steuerung<\/h3>\n<p>[\/vc_column_text][vc_column_text css=&#8220;&#8220;]Morselt RedBox bietet eine vollst\u00e4ndig automatisierte L\u00f6sung f\u00fcr Ihre Wasseraufbereitung, die sich nahtlos in die meisten Prozesse integrieren l\u00e4sst. Auch ohne Kenntnisse in der Abwasseraufbereitung k\u00f6nnen Sie von unserer benutzerfreundlichen Technologie profitieren. Die RedBox wird \u00fcber eine SPS gesteuert und ist \u00fcber eine App mit Ihrem Smartphone oder Computer verbunden, sodass Sie Ihre Abwasseraufbereitung jederzeit einfach \u00fcberwachen k\u00f6nnen.[\/vc_column_text][\/vc_column][\/vc_row][vc_row full_width=&#8220;stretch_row&#8220; el_class=&#8220;benieuwd_section&#8220; css=&#8220;.vc_custom_1753337883887{background-color: #980321 !important;}&#8220;][vc_column width=&#8220;1\/2&#8243; el_class=&#8220;benieuwd_section_title&#8220;][vc_column_text css=&#8220;&#8220; el_class=&#8220;bg_subtitle&#8220;]<\/p>\n<h6>Neugierig<\/h6>\n<p>[\/vc_column_text][vc_column_text css=&#8220;&#8220;]<\/p>\n<h2>Kontaktieren Sie uns<\/h2>\n<p>[\/vc_column_text][\/vc_column][vc_column width=&#8220;1\/2&#8243; el_class=&#8220;benieuwd_section_btn&#8220;][vc_btn title=&#8220;Kontaktieren Sie uns&#8220; align=&#8220;right&#8220; css=&#8220;&#8220; el_class=&#8220;bluw-btn-primary&#8220; link=&#8220;url:%2Fde%2Fcontact%2F&#8220;][\/vc_column][\/vc_row][vc_row el_class=&#8220;chemievrije_section&#8220;][vc_column][vc_column_text css=&#8220;&#8220;]<\/p>\n<h3>Chemiefreie Wasseraufbereitung f\u00fcr Ihr Unternehmen<\/h3>\n<p>[\/vc_column_text][vc_column_text css=&#8220;&#8220;]Elektrokoagulation ist eine bew\u00e4hrte Technik zur Abwasseraufbereitung, die auf elektrochemischer Technologie basiert. Elektroden im Abwasser geben Ionen ab, die Verunreinigungen binden. Dabei bilden sich Flocken, die sich leicht aus dem Wasser abtrennen lassen. Die Verunreinigungen werden in einem kompakten Filterkuchen fixiert, w\u00e4hrend das gereinigte Wasser wiederverwendet oder eingeleitet werden kann. Mit der Elektrokoagulation entfernen Sie Verunreinigungen aus dem Abwasser effektiv, wie Schwermetalle, \u00d6lreste und Kohlenwasserstoffe, CSB sowie Schwebstoffe.[\/vc_column_text][\/vc_column][\/vc_row][vc_row el_class=&#8220;toepassing_section&#8220;][vc_column width=&#8220;1\/2&#8243; el_class=&#8220;toepassing_section_text&#8220;][vc_column_text css=&#8220;&#8220;]<\/p>\n<h3>Anwendung<\/h3>\n<p>[\/vc_column_text][vc_column_text css=&#8220;&#8220;]Die Wasseraufbereitung mit der Morselt RedBox Elektrokoagulation ist in einer Vielzahl von Branchen und Prozessen einsetzbar, darunter:[\/vc_column_text][vc_column_text css=&#8220;&#8220;]<\/p>\n<div class=\"text-base my-auto mx-auto pb-10 [--thread-content-margin:--spacing(4)] @w-sm\/main:[--thread-content-margin:--spacing(6)] @w-lg\/main:[--thread-content-margin:--spacing(16)] px-(--thread-content-margin)\">\n<div class=\"[--thread-content-max-width:40rem] @w-lg\/main:[--thread-content-max-width:48rem] mx-auto max-w-(--thread-content-max-width) flex-1 group\/turn-messages focus-visible:outline-hidden relative flex w-full min-w-0 flex-col agent-turn\" tabindex=\"-1\">\n<div class=\"flex max-w-full flex-col grow\">\n<div class=\"min-h-8 text-message relative flex w-full flex-col items-end gap-2 text-start break-words whitespace-normal [.text-message+&amp;]:mt-1\" dir=\"auto\" data-message-author-role=\"assistant\" data-message-id=\"f62877a6-2e63-40f3-b3c9-382f3cbee3bf\" data-message-model-slug=\"gpt-5-2\">\n<div class=\"flex w-full flex-col gap-1 empty:hidden first:pt-[1px]\">\n<div class=\"markdown prose dark:prose-invert w-full wrap-break-word light markdown-new-styling\">\n<ul>\n<li data-start=\"0\" data-end=\"156\">Metallverarbeitung<\/li>\n<li data-start=\"0\" data-end=\"156\">Kartonage und Papier<\/li>\n<li data-start=\"0\" data-end=\"156\">Galvanische Industrie<\/li>\n<li data-start=\"0\" data-end=\"156\">Farben und Farbstoffe<\/li>\n<li data-start=\"0\" data-end=\"156\">Textilindustrie<\/li>\n<li data-start=\"0\" data-end=\"156\">Industrielle Reinigung<\/li>\n<li data-start=\"0\" data-end=\"156\">Lebensmittelindustrie<\/li>\n<\/ul>\n<\/div>\n<\/div>\n<\/div>\n<\/div>\n<\/div>\n<\/div>\n<p>[\/vc_column_text][vc_btn title=&#8220;Kontaktieren Sie uns&#8220; css=&#8220;&#8220; link=&#8220;url:%2Fde%2Fcontact%2F&#8220;][\/vc_column][vc_column width=&#8220;1\/2&#8243; el_class=&#8220;toepassing_section_img&#8220;][vc_single_image image=&#8220;2846&#8243; img_size=&#8220;full&#8220; alignment=&#8220;right&#8220; css=&#8220;&#8220; image_alt=&#8220;Afvalwater zuivering&#8220;][\/vc_column][\/vc_row][vc_row full_width=&#8220;stretch_row&#8220; disable_element=&#8220;yes&#8220; el_class=&#8220;voordelen_section&#8220; css=&#8220;.vc_custom_1769079938850{background-color: #0E1B2F !important;}&#8220;][vc_column][vc_column_text css=&#8220;&#8220; el_class=&#8220;voordelen_section_title&#8220;]<\/p>\n<h3 style=\"text-align: center;\">De voordelen op een rij<\/h3>\n<p style=\"text-align: center;\">De waterzuivering met Morselt RedBox elektrocoagulatie is toepasbaar in een groot aantal industrie\u00ebn en processen, waaronder:<\/p>\n<p>[\/vc_column_text][vc_row_inner el_class=&#8220;voordelen_section_bg&#8220;][vc_column_inner el_class=&#8220;voordelen_section_bg_item&#8220; width=&#8220;1\/2&#8243;][vc_single_image image=&#8220;2720&#8243; img_size=&#8220;full&#8220; css=&#8220;&#8220;][vc_column_text css=&#8220;&#8220;]<\/p>\n<h4>Effici\u00ebnt en effectief:<\/h4>\n<p>RedBox verwijdert in \u00e9\u00e9n stap \u200b\u200bverschillende verontreinigingen zoals zware metalen, olieresten en organische verbindingen, zwevend stof en CZV.[\/vc_column_text][\/vc_column_inner][vc_column_inner el_class=&#8220;voordelen_section_bg_item&#8220; width=&#8220;1\/2&#8243;][vc_single_image image=&#8220;2723&#8243; img_size=&#8220;full&#8220; css=&#8220;&#8220;][vc_column_text css=&#8220;&#8220;]<\/p>\n<h4>Flexibel:<\/h4>\n<p>Het RedBox systeem wordt aangepast aan uw specifieke eisen en maakt nauwkeurige procescontrole simpel.[\/vc_column_text][\/vc_column_inner][vc_column_inner el_class=&#8220;voordelen_section_bg_item&#8220; width=&#8220;1\/2&#8243;][vc_single_image image=&#8220;2718&#8243; img_size=&#8220;full&#8220; css=&#8220;&#8220;][vc_column_text css=&#8220;&#8220;]<\/p>\n<h4>Chemievrij:<\/h4>\n<p>Doorgaans is inzet van chemicali\u00ebn niet nodig. Dit resulteert in lagere zuiveringskosten per m3, een lagere milieubelasting en optimaal gebruiksgemak.[\/vc_column_text][\/vc_column_inner][vc_column_inner el_class=&#8220;voordelen_section_bg_item&#8220; width=&#8220;1\/2&#8243;][vc_single_image image=&#8220;2726&#8243; img_size=&#8220;full&#8220; css=&#8220;&#8220;][vc_column_text css=&#8220;&#8220;]<\/p>\n<h4>Lagere kosten:<\/h4>\n<p>Morselt RedBox is eenvoudig te gebruiken en vergt minimaal onderhoud. Dit resulteert in lage bedrijfskosten en een langere levensduur.[\/vc_column_text][\/vc_column_inner][vc_column_inner el_class=&#8220;voordelen_section_bg_item&#8220; width=&#8220;1\/2&#8243;][vc_single_image image=&#8220;2715&#8243; img_size=&#8220;full&#8220; css=&#8220;&#8220;][vc_column_text css=&#8220;&#8220;]<\/p>\n<h4>Brede toepassing:<\/h4>\n<p>Elektrocoagulatie wordt al toegepast in veel industrie\u00ebn, waaronder metaalbewerking, galvano, verf- en lakproductie, kartonnage en industri\u00eble reiniging.[\/vc_column_text][\/vc_column_inner][vc_column_inner el_class=&#8220;voordelen_section_bg_item&#8220; width=&#8220;1\/2&#8243;][vc_single_image image=&#8220;2745&#8243; img_size=&#8220;full&#8220; css=&#8220;&#8220;][vc_column_text css=&#8220;&#8220;]<\/p>\n<h4>Geautomatiseerd:<\/h4>\n<p>RedBox is volledig geautomatiseerd en kan eenvoudig via een app op uw smartphone of computer worden gemonitord en bestuurd.[\/vc_column_text][\/vc_column_inner][\/vc_row_inner][\/vc_column][\/vc_row][vc_row el_class=&#8220;morselt_redbox_bg_image&#8220;][vc_column][vc_single_image image=&#8220;2670&#8243; img_size=&#8220;full&#8220; alignment=&#8220;center&#8220; css=&#8220;&#8220; image_alt=&#8220;afvaltwaterzuivering op maat&#8220;][\/vc_column][\/vc_row]<\/p>\n<\/div>","protected":false},"excerpt":{"rendered":"<p>[vc_row el_class=&#8220;stukje_section_title&#8220;][vc_column][vc_column_text css=&#8220;&#8220;] Morselt Watertechniek bietet innovative L\u00f6sungen zur Abwasseraufbereitung, die auf die spezifischen Anforderungen industrieller Anwendungen abgestimmt sind. [\/vc_column_text][\/vc_column][\/vc_row][vc_row&#8230;<\/p>\n","protected":false},"author":5,"featured_media":0,"parent":0,"menu_order":0,"comment_status":"closed","ping_status":"closed","template":"","meta":{"_acf_changed":false,"footnotes":""},"class_list":["post-2968","page","type-page","status-publish","hentry"],"acf":[],"_links":{"self":[{"href":"https:\/\/www.morselt.com\/de\/wp-json\/wp\/v2\/pages\/2968","targetHints":{"allow":["GET"]}}],"collection":[{"href":"https:\/\/www.morselt.com\/de\/wp-json\/wp\/v2\/pages"}],"about":[{"href":"https:\/\/www.morselt.com\/de\/wp-json\/wp\/v2\/types\/page"}],"author":[{"embeddable":true,"href":"https:\/\/www.morselt.com\/de\/wp-json\/wp\/v2\/users\/5"}],"replies":[{"embeddable":true,"href":"https:\/\/www.morselt.com\/de\/wp-json\/wp\/v2\/comments?post=2968"}],"version-history":[{"count":0,"href":"https:\/\/www.morselt.com\/de\/wp-json\/wp\/v2\/pages\/2968\/revisions"}],"wp:attachment":[{"href":"https:\/\/www.morselt.com\/de\/wp-json\/wp\/v2\/media?parent=2968"}],"curies":[{"name":"wp","href":"https:\/\/api.w.org\/{rel}","templated":true}]}}