{"id":2444,"date":"2025-10-03T14:13:58","date_gmt":"2025-10-03T13:13:58","guid":{"rendered":"https:\/\/www.morselt.com\/?page_id=2444"},"modified":"2026-03-25T08:09:08","modified_gmt":"2026-03-25T07:09:08","slug":"morseltservice","status":"publish","type":"page","link":"https:\/\/www.morselt.com\/de\/abwasseraufbereitung\/morseltservice\/","title":{"rendered":"Morselt Service"},"content":{"rendered":"<div class=\"wpb-content-wrapper\"><p>[vc_row content_placement=&#8220;middle&#8220; el_class=&#8220;moderne_section_text&#8220;][vc_column width=&#8220;1\/2&#8243;][vc_column_text css=&#8220;.vc_custom_1767698998629{margin-bottom: 32px !important;}&#8220;]<\/p>\n<h2>Ansatz &amp; Service<\/h2>\n<p>[\/vc_column_text][vc_column_text css=&#8220;.vc_custom_1767699012971{margin-bottom: 16px !important;}&#8220;]<b>So bauen wir Ihre Wasseraufbereitungsanlage<\/b>[\/vc_column_text][vc_column_text css=&#8220;&#8220;]<span style=\"font-weight: 400;\">Ihr Projekt bei Morselt beginnt mit einer gr\u00fcndlichen Analyse: Wir untersuchen Ihre Wasserproben in unserem eigenen Labor und ermitteln, wie Ihr Wasser effizient gereinigt werden kann.\u00a0 Sie erhalten eine klare Beratung mit den technischen M\u00f6glichkeiten.<\/span><\/p>\n<p><span style=\"font-weight: 400;\">F\u00fcr einen umfassenden Einblick in das Ergebnis und die Kosten der Wasseraufbereitung bietet Morselt kompakte Pilotanlagen f\u00fcr Tests bei Ihnen vor Ort. Auf diese Weise k\u00f6nnen Sie auch Erfahrungen mit der Leichtigkeit unserer Technologie sammeln.<\/span>[\/vc_column_text][vc_column_text css=&#8220;.vc_custom_1768826797177{padding-top: 16px !important;}&#8220;]<span style=\"font-weight: 400;\">Basierend auf den Pilotergebnissen entwerfen und bauen unsere Techniker dann in Absprache mit Ihnen Ihre Anlage. Wir sorgen f\u00fcr eine sichere und effiziente Installation und \u00fcberwachen die Lieferung und Inbetriebnahme inklusive Steuerungs- und \u00dcberwachungseinstellungen.<\/span><\/p>\n<p><span style=\"font-weight: 400;\">Auch nach der Fertigstellung bleiben wir involviert. Mit Wartung, Service und Prozessoptimierung sorgen wir daf\u00fcr, dass Ihre Wasseraufbereitungsanlage weiterhin zuverl\u00e4ssig funktioniert und den Normen entspricht.<\/span>[\/vc_column_text][\/vc_column][vc_column width=&#8220;1\/2&#8243;][vc_single_image image=&#8220;2806&#8243; img_size=&#8220;full&#8220; image_alt=&#8220;Ansatz und service&#8220;][\/vc_column][\/vc_row][vc_row content_placement=&#8220;middle&#8220; el_class=&#8220;duurzaam_section&#8220;][vc_column width=&#8220;1\/2&#8243; el_class=&#8220;duurzaam_section_text&#8220;][vc_column_text css=&#8220;.vc_custom_1767699049186{margin-bottom: 32px !important;}&#8220;]<\/p>\n<h2>Morselt als Partner in der Wasseraufbereitung<\/h2>\n<p>[\/vc_column_text][vc_column_text css=&#8220;&#8220;]<span style=\"font-weight: 400;\">Unsere Partner sch\u00e4tzen uns f\u00fcr jahrzehntelange Erfahrung, integrierten Service und effektive L\u00f6sungen, die nachhaltig und chemiefrei arbeiten. Wir bieten Anlagen f\u00fcr jede Branche und jeden Prozess, arbeiten mit kurzen Kommunikationswegen und bieten schnellen Support und Service.<\/span><\/p>\n<p><span style=\"font-weight: 400;\">Unser schrittweises Vorgehen erm\u00f6glicht Ihnen von Anfang an einen klaren Einblick in die Ergebnisse und Kosten der optimalen L\u00f6sung f\u00fcr Ihre Abwasserbehandlung. Nach der Pilotphase erstellt Ihnen Morselt gerne ein unverbindliches Angebot f\u00fcr ein System, das optimal auf Ihre Prozesse abgestimmt ist.<\/span><\/p>\n<p><span style=\"font-weight: 400;\">Unsere Systeme sind robust, kompakt und zuverl\u00e4ssig und ben\u00f6tigen nur minimalen Wartungsaufwand. Morselt verf\u00fcgt \u00fcber ein eigenes Wartungsteam, das Ihnen bei Wartungsarbeiten und St\u00f6rungen schnell zur Seite steht.<\/span>[\/vc_column_text][vc_btn title=&#8220;Bitte kontaktieren Sie uns unverbindlich&#8220; css=&#8220;&#8220; link=&#8220;url:%2Fde%2Fcontact%2F|title:CONTACT&#8220;][\/vc_column][vc_column width=&#8220;1\/2&#8243; el_class=&#8220;duurzaam_section_img&#8220;][vc_single_image image=&#8220;2807&#8243; img_size=&#8220;full&#8220; alignment=&#8220;right&#8220; css=&#8220;&#8220; image_alt=&#8220;Morselt Wasseraufbereitung&#8220;][\/vc_column][\/vc_row][vc_row content_placement=&#8220;middle&#8220; el_class=&#8220;duurzaam_section&#8220;][vc_column width=&#8220;1\/2&#8243; el_class=&#8220;duurzaam_section_text&#8220;][vc_column_text css=&#8220;.vc_custom_1767699233709{margin-bottom: 32px !important;}&#8220;]<\/p>\n<h2>Gemeinsam an einer nachhaltigen Wasseraufbereitung arbeiten<\/h2>\n<p>[\/vc_column_text][vc_column_text css=&#8220;&#8220;]<span style=\"font-weight: 400;\">Eine Wasseraufbereitungsanlage ist eine Investition, die sich amortisiert. Morselt liefert Systeme, die sich in der Praxis bew\u00e4hrt haben und zu Ihrem Unternehmen passen. M\u00f6chten Sie wissen, welche L\u00f6sung f\u00fcr Sie am besten geeignet ist? Kontaktieren Sie uns f\u00fcr eine kostenlose Beratung.<\/span>[\/vc_column_text][\/vc_column][vc_column width=&#8220;1\/2&#8243; el_class=&#8220;duurzaam_section_img&#8220;][vc_single_image image=&#8220;2808&#8243; img_size=&#8220;full&#8220; alignment=&#8220;right&#8220; css=&#8220;&#8220; image_alt=&#8220;Morselt RedBox&#8220;][\/vc_column][\/vc_row][vc_row full_width=&#8220;stretch_row&#8220; el_class=&#8220;benieuwd_section&#8220; css=&#8220;.vc_custom_1753337883887{background-color: #980321 !important;}&#8220;][vc_column width=&#8220;1\/2&#8243; el_class=&#8220;benieuwd_section_title&#8220;][vc_column_text css=&#8220;&#8220; el_class=&#8220;bg_subtitle&#8220;]<\/p>\n<h6>INTERESSIERT<\/h6>\n<p>[\/vc_column_text][vc_column_text css=&#8220;&#8220;]<\/p>\n<h2>Kontaktieren Sie uns<\/h2>\n<p>[\/vc_column_text][\/vc_column][vc_column width=&#8220;1\/2&#8243; el_class=&#8220;benieuwd_section_btn&#8220;][vc_btn title=&#8220;Bitte kontaktieren Sie uns unverbindlich&#8220; align=&#8220;right&#8220; css=&#8220;&#8220; el_class=&#8220;bluw-btn-primary&#8220; link=&#8220;url:%2Fde%2Fcontact%2F|title:CONTACT&#8220;][\/vc_column][\/vc_row][vc_row full_width=&#8220;stretch_row&#8220; disable_element=&#8220;yes&#8220; el_class=&#8220;voordelen_section&#8220; css=&#8220;.vc_custom_1767698752139{background-color: #0E1B2F !important;}&#8220;][vc_column][vc_column_text css=&#8220;&#8220; el_class=&#8220;voordelen_section_title&#8220;]<\/p>\n<h3 style=\"text-align: center;\">De voordelen op een rij:<\/h3>\n<p>[\/vc_column_text][vc_row_inner el_class=&#8220;voordelen_section_bg&#8220;][vc_column_inner el_class=&#8220;voordelen_section_bg_item&#8220; width=&#8220;1\/2&#8243;][vc_single_image image=&#8220;2720&#8243; img_size=&#8220;full&#8220; css=&#8220;&#8220;][vc_column_text css=&#8220;&#8220;]<\/p>\n<h4>Effici\u00ebnt en effectief:<\/h4>\n<p>RedBox verwijdert in \u00e9\u00e9n stap \u200b\u200bverschillende verontreinigingen zoals zware metalen, olieresten en organische verbindingen, zwevend stof en CZV.[\/vc_column_text][\/vc_column_inner][vc_column_inner el_class=&#8220;voordelen_section_bg_item&#8220; width=&#8220;1\/2&#8243;][vc_single_image image=&#8220;2723&#8243; img_size=&#8220;full&#8220; css=&#8220;&#8220;][vc_column_text css=&#8220;&#8220;]<\/p>\n<h4>Flexibel:<\/h4>\n<p>Het RedBox systeem wordt aangepast aan uw specifieke eisen en maakt nauwkeurige procescontrole simpel.[\/vc_column_text][\/vc_column_inner][vc_column_inner el_class=&#8220;voordelen_section_bg_item&#8220; width=&#8220;1\/2&#8243;][vc_single_image image=&#8220;2718&#8243; img_size=&#8220;full&#8220; css=&#8220;&#8220;][vc_column_text css=&#8220;&#8220;]<\/p>\n<h4>Chemievrij:<\/h4>\n<p>Doorgaans is inzet van chemicali\u00ebn niet nodig. Dit resulteert in lagere zuiveringskosten per m3, een lagere milieubelasting en optimaal gebruiksgemak.[\/vc_column_text][\/vc_column_inner][vc_column_inner el_class=&#8220;voordelen_section_bg_item&#8220; width=&#8220;1\/2&#8243;][vc_single_image image=&#8220;2726&#8243; img_size=&#8220;full&#8220; css=&#8220;&#8220;][vc_column_text css=&#8220;&#8220;]<\/p>\n<h4>Lagere kosten:<\/h4>\n<p>Morselt RedBox is eenvoudig te gebruiken en vergt minimaal onderhoud. Dit resulteert in lage bedrijfskosten en een langere levensduur.[\/vc_column_text][\/vc_column_inner][vc_column_inner el_class=&#8220;voordelen_section_bg_item&#8220; width=&#8220;1\/2&#8243;][vc_single_image image=&#8220;2715&#8243; img_size=&#8220;full&#8220; css=&#8220;&#8220;][vc_column_text css=&#8220;&#8220;]<\/p>\n<h4>Brede toepassing:<\/h4>\n<p>Elektrocoagulatie wordt al toegepast in veel industrie\u00ebn, waaronder metaalbewerking, galvano, verf- en lakproductie, kartonnage en industri\u00eble reiniging.[\/vc_column_text][\/vc_column_inner][vc_column_inner el_class=&#8220;voordelen_section_bg_item&#8220; width=&#8220;1\/2&#8243;][vc_single_image image=&#8220;2745&#8243; img_size=&#8220;full&#8220; css=&#8220;&#8220;][vc_column_text css=&#8220;&#8220;]<\/p>\n<h4>Geautomatiseerd:<\/h4>\n<p>RedBox is volledig geautomatiseerd en kan eenvoudig via een app op uw smartphone of computer worden gemonitord en bestuurd.[\/vc_column_text][\/vc_column_inner][\/vc_row_inner][\/vc_column][\/vc_row][vc_row disable_element=&#8220;yes&#8220; el_class=&#8220;morselt_redbox_bg_image&#8220;][vc_column][vc_single_image image=&#8220;2670&#8243; img_size=&#8220;full&#8220; alignment=&#8220;center&#8220; css=&#8220;&#8220; image_alt=&#8220;afvaltwaterzuivering op maat&#8220;][\/vc_column][\/vc_row][vc_row disable_element=&#8220;yes&#8220; el_class=&#8220;stukje_section_bg&#8220;][vc_column width=&#8220;1\/4&#8243; el_class=&#8220;stukje_section_bg_item&#8220;][vc_single_image image=&#8220;2730&#8243; img_size=&#8220;full&#8220; alignment=&#8220;center&#8220; css=&#8220;&#8220; el_class=&#8220;stukje_section_bg_item_icon&#8220;][vc_column_text css=&#8220;&#8220;]<\/p>\n<h4 style=\"text-align: center;\">MORSELT-Redbox<\/h4>\n<p>[\/vc_column_text][vc_single_image image=&#8220;2713&#8243; img_size=&#8220;full&#8220; alignment=&#8220;center&#8220; css=&#8220;&#8220; el_class=&#8220;arrow_icon&#8220;][\/vc_column][vc_column width=&#8220;1\/4&#8243; el_class=&#8220;stukje_section_bg_item&#8220;][vc_single_image image=&#8220;2721&#8243; img_size=&#8220;full&#8220; alignment=&#8220;center&#8220; css=&#8220;&#8220; el_class=&#8220;stukje_section_bg_item_icon&#8220;][vc_column_text css=&#8220;&#8220;]<\/p>\n<h4 style=\"text-align: center;\">Elektrocoagulatie<\/h4>\n<p>[\/vc_column_text][vc_single_image image=&#8220;2713&#8243; img_size=&#8220;full&#8220; alignment=&#8220;center&#8220; css=&#8220;&#8220; el_class=&#8220;arrow_icon&#8220;][\/vc_column][vc_column width=&#8220;1\/4&#8243; el_class=&#8220;stukje_section_bg_item&#8220;][vc_single_image image=&#8220;2733&#8243; img_size=&#8220;full&#8220; alignment=&#8220;center&#8220; css=&#8220;&#8220; el_class=&#8220;stukje_section_bg_item_icon&#8220;][vc_column_text css=&#8220;&#8220;]<\/p>\n<h4 style=\"text-align: center;\">Uw Industrie<\/h4>\n<p>[\/vc_column_text][vc_single_image image=&#8220;2713&#8243; img_size=&#8220;full&#8220; alignment=&#8220;center&#8220; css=&#8220;&#8220; el_class=&#8220;arrow_icon&#8220;][\/vc_column][vc_column width=&#8220;1\/4&#8243; el_class=&#8220;stukje_section_bg_item&#8220;][vc_single_image image=&#8220;2729&#8243; img_size=&#8220;full&#8220; alignment=&#8220;center&#8220; css=&#8220;&#8220; el_class=&#8220;stukje_section_bg_item_icon&#8220;][vc_column_text css=&#8220;&#8220;]<\/p>\n<h4 style=\"text-align: center;\">MORSELT Service<\/h4>\n<p>[\/vc_column_text][vc_single_image image=&#8220;2713&#8243; img_size=&#8220;full&#8220; alignment=&#8220;center&#8220; css=&#8220;&#8220; el_class=&#8220;arrow_icon&#8220;][\/vc_column][\/vc_row]<\/p>\n<\/div>","protected":false},"excerpt":{"rendered":"<p>[vc_row content_placement=&#8220;middle&#8220; el_class=&#8220;moderne_section_text&#8220;][vc_column width=&#8220;1\/2&#8243;][vc_column_text css=&#8220;.vc_custom_1767698998629{margin-bottom: 32px !important;}&#8220;] Ansatz &amp; Service [\/vc_column_text][vc_column_text css=&#8220;.vc_custom_1767699012971{margin-bottom: 16px !important;}&#8220;]So bauen wir Ihre Wasseraufbereitungsanlage[\/vc_column_text][vc_column_text css=&#8220;&#8220;]Ihr Projekt&#8230;<\/p>\n","protected":false},"author":1,"featured_media":0,"parent":2968,"menu_order":0,"comment_status":"closed","ping_status":"closed","template":"","meta":{"_acf_changed":false,"footnotes":""},"class_list":["post-2444","page","type-page","status-publish","hentry"],"acf":[],"_links":{"self":[{"href":"https:\/\/www.morselt.com\/de\/wp-json\/wp\/v2\/pages\/2444","targetHints":{"allow":["GET"]}}],"collection":[{"href":"https:\/\/www.morselt.com\/de\/wp-json\/wp\/v2\/pages"}],"about":[{"href":"https:\/\/www.morselt.com\/de\/wp-json\/wp\/v2\/types\/page"}],"author":[{"embeddable":true,"href":"https:\/\/www.morselt.com\/de\/wp-json\/wp\/v2\/users\/1"}],"replies":[{"embeddable":true,"href":"https:\/\/www.morselt.com\/de\/wp-json\/wp\/v2\/comments?post=2444"}],"version-history":[{"count":0,"href":"https:\/\/www.morselt.com\/de\/wp-json\/wp\/v2\/pages\/2444\/revisions"}],"up":[{"embeddable":true,"href":"https:\/\/www.morselt.com\/de\/wp-json\/wp\/v2\/pages\/2968"}],"wp:attachment":[{"href":"https:\/\/www.morselt.com\/de\/wp-json\/wp\/v2\/media?parent=2444"}],"curies":[{"name":"wp","href":"https:\/\/api.w.org\/{rel}","templated":true}]}}