{"id":2434,"date":"2025-07-24T04:33:11","date_gmt":"2025-07-24T03:33:11","guid":{"rendered":"https:\/\/www.morselt.com\/?page_id=2434"},"modified":"2026-02-02T13:33:57","modified_gmt":"2026-02-02T12:33:57","slug":"morselt-redbox","status":"publish","type":"page","link":"https:\/\/www.morselt.com\/de\/abwasseraufbereitung\/morselt-redbox\/","title":{"rendered":"Morselt RedBox"},"content":{"rendered":"<div class=\"wpb-content-wrapper\"><p>[vc_row el_class=&#8220;duurzaam_section&#8220;][vc_column width=&#8220;1\/2&#8243; el_class=&#8220;duurzaam_section_text&#8220;][vc_column_text css=&#8220;&#8220;]<\/p>\n<h3>Die Vorteile von Morselt RedBox<\/h3>\n<p>[\/vc_column_text][vc_column_text css=&#8220;&#8220;]RedBox ist unser kompaktes, automatisiertes Abwasserbehandlungssystem auf Basis von Elektrokoagulation: eine sichere und chemikalienfreie Technologie, die maximale Effizienz und Komfort bei der industriellen Abwasserbehandlung gew\u00e4hrleistet.[\/vc_column_text][vc_column_text css=&#8220;.vc_custom_1765810931930{padding-top: 16px !important;padding-bottom: 16px !important;}&#8220;]Elektrokoagulation ist ein bew\u00e4hrtes Verfahren zur Wasserreinigung mittels elektrochemischer Technologie: Mithilfe von Elektrizit\u00e4t und Elektroden werden Verunreinigungen ohne den Einsatz von Flockungsmitteln oder Polymeren zu Flocken gebunden. Die Flocken lassen sich leicht vom klaren Wasser abfiltrieren und zu einem kompakten Filterkuchen konzentrieren. Das gereinigte Wasser kann wiederverwendet oder kosteng\u00fcnstig entsorgt werden. [\/vc_column_text][vc_column_text css=&#8220;&#8220;]<span style=\"font-weight: 400;\">RedBox passt sich dank seines modularen Designs flexibel an Ihre Bed\u00fcrfnisse an: Erweitern Sie Ihre Kapazit\u00e4t einfach durch Hinzuf\u00fcgen eines weiteren Reaktors. Jede RedBox ist kompakt, platzsparend und l\u00e4sst sich problemlos in Ihre Anlage integrieren. Wir bieten auch integrierte Container an, um Platzprobleme zu \u00fcberwinden oder f\u00fcr mobile Anwendungen.<\/span>[\/vc_column_text][vc_btn title=&#8220;Kontakt aufnehmen&#8220; css=&#8220;&#8220; link=&#8220;url:%2Fde%2Fcontact%2F|title:CONTACT&#8220;][\/vc_column][vc_column width=&#8220;1\/2&#8243; el_class=&#8220;duurzaam_section_img&#8220;][vc_single_image image=&#8220;2846&#8243; img_size=&#8220;full&#8220; alignment=&#8220;right&#8220; css=&#8220;&#8220; image_alt=&#8220;Morselt Red Box&#8220;][\/vc_column][\/vc_row][vc_row][vc_column][vc_column_text css=&#8220;&#8220;]<\/p>\n<h2 style=\"text-align: center;\">Morselt RedBox<\/h2>\n<p>[\/vc_column_text][vc_empty_space height=&#8220;15px&#8220;][\/vc_column][vc_column width=&#8220;1\/6&#8243;][\/vc_column][vc_column width=&#8220;4\/6&#8243;][vc_column_text css=&#8220;&#8220;]<iframe title=\"YouTube video player\" src=\"https:\/\/www.youtube-nocookie.com\/embed\/6S3wlvsRvmA?si=5jPn_rMRG3NIwfpJ\" width=\"100%\" height=\"500px\" frameborder=\"0\" allowfullscreen=\"allowfullscreen\"><\/iframe>[\/vc_column_text][\/vc_column][vc_column width=&#8220;1\/6&#8243;][\/vc_column][\/vc_row][vc_row full_width=&#8220;stretch_row&#8220; el_class=&#8220;topprestaties_section&#8220; css=&#8220;.vc_custom_1753333151671{background-color: #0E1B2F !important;}&#8220;][vc_column width=&#8220;1\/2&#8243; el_class=&#8220;topprestaties_section_img&#8220;][vc_single_image image=&#8220;2847&#8243; img_size=&#8220;full&#8220; css=&#8220;&#8220; image_alt=&#8220;Red Box&#8220;][\/vc_column][vc_column width=&#8220;1\/2&#8243; el_class=&#8220;topprestaties_section_text&#8220;][vc_column_text css=&#8220;&#8220;]<\/p>\n<h3>Merkmale der RedBox auf einen Blick:<\/h3>\n<p>[\/vc_column_text][vc_column_text css=&#8220;&#8220;]<span style=\"font-weight: 400;\">\u2022 Entfernung verschiedener Schadstoffe in einem einzigen Prozessschritt<\/span><\/p>\n<p><span style=\"font-weight: 400;\">\u2022 Kompakt und installationsfertig geliefert<\/span><\/p>\n<p><span style=\"font-weight: 400;\">\u2022 Einfache, automatisierte Prozessf\u00fchrung<\/span><\/p>\n<p><span style=\"font-weight: 400;\">\u2022 Geringeres Schlammvolumen, da in der Regel keine Chemikalien ben\u00f6tigt werden<\/span><\/p>\n<p><span style=\"font-weight: 400;\">\u2022 Reduzierte Umweltkosten durch Wasserwiederverwendung oder geringere Abwasserentsorgung<\/span><\/p>\n<p><span style=\"font-weight: 400;\">\u2022 Sicher, da in der Regel keine Chemikalien ben\u00f6tigt werden<\/span><\/p>\n<p><span style=\"font-weight: 400;\">\u2022 Zuverl\u00e4ssig: Von der Planung \u00fcber die Installation bis hin zum Service \u2013 alles aus einer Hand.<\/span>[\/vc_column_text][vc_btn title=&#8220;Neugierig auf die m\u00f6glichkeiten?&#8220; style=&#8220;btn-secondary&#8220; css=&#8220;&#8220; link=&#8220;url:%2Fde%2Fcontact%2F|title:CONTACT&#8220;][\/vc_column][\/vc_row][vc_row full_width=&#8220;stretch_row&#8220; disable_element=&#8220;yes&#8220; el_class=&#8220;ontwerp_section&#8220; css=&#8220;.vc_custom_1759229536883{background-color: #0E1B2F !important;}&#8220;][vc_column width=&#8220;1\/2&#8243; el_class=&#8220;ontwerp_section_text&#8220;][vc_column_text css=&#8220;&#8220;]<\/p>\n<h3>Volledig geautomatiseerd<\/h3>\n<p>[\/vc_column_text][vc_column_text css=&#8220;&#8220;]Voor veel van onze klanten is afvalwaterzuivering geen kernactiviteit. Daarom hebben we RedBox geheel geautomatiseerd. Het systeem wordt aangestuurd door \u00e9\u00e9n PLC die u met een app kunt overnemen op uw mobiele telefoon. Zodat u altijd en overal uw afvalwaterzuivering kunt volgen. Uiteraard ondersteunt Morselt Watertechniek u ook bij service en onderhoud van uw systeem.[\/vc_column_text][\/vc_column][vc_column width=&#8220;1\/2&#8243; el_class=&#8220;ontwerp_section_img&#8220;][vc_single_image image=&#8220;2654&#8243; img_size=&#8220;full&#8220; alignment=&#8220;right&#8220; css=&#8220;&#8220; image_alt=&#8220;Afvalwaterzuivering&#8220;][\/vc_column][\/vc_row][vc_row css=&#8220;.vc_custom_1765809200826{margin-top: 64px !important;}&#8220;][vc_column width=&#8220;1\/2&#8243; el_class=&#8220;automatische_section_img&#8220;][vc_column_text css=&#8220;.vc_custom_1765811102765{padding-bottom: 16px !important;}&#8220;]<\/p>\n<h3>Elektrokoagulation<\/h3>\n<p>[\/vc_column_text][vc_column_text css=&#8220;&#8220;]Elektrokoagulation ist eine elektrochemische Technik zur Reinigung von verschmutzten Abw\u00e4ssern oder Prozessw\u00e4sser. Elektrokoagulation verwendet Strom anstelle chemischer Reagenzien. Elektrokoagulation wird zur Entfernung l\u00f6slicher oder kolloidaler Verunreinigungen eingesetzt in Abw\u00e4ssern.[\/vc_column_text][vc_column_text css=&#8220;.vc_custom_1765811126733{padding-top: 16px !important;padding-bottom: 16px !important;}&#8220;]Elektrokoagulation wurde erstmals Anfang 1900 in gro\u00dfem Ma\u00dfstab eingesetzt zur Reinigung von Schiffsabw\u00e4ssern. In den darauffolgenden Jahrzehnten wurde Elektrokoagulation h\u00e4ufiger erfolgreich eingesetzt f\u00fcr unterschiedliche Abw\u00e4sser. Der Erfolg der Elektrokoagulation ist teilweise darauf zur\u00fcckzuf\u00fchren, dass diese Technik verschiedene Verunreinigungen in einem Schritt entfernt. Elektrokoagulation ist attraktiv, weil die Technologie oft ohne Chemikalien auskommt, technisch einfach und robust ist und die Anlagen kompakt und leicht zu automatisieren sind.<br \/>\n[\/vc_column_text][vc_column_text css=&#8220;&#8220;]Elektrokoagulation arbeitet oft mit Opferanoden aus Eisen und\/oder Aluminium. Diese werden in einen Reaktor gegeben, durch den das Abwasser flie\u00dft. An die Anoden und Kathoden wird Gleichstrom angelegt, normalerweise zwischen 5 und 10 V. Die von der Anode freigesetzten Eisen und Aluminium Ionen bilden im Abwasser Hydroxiden. Diese Hydroxide haben die Eigenschaft, Schadstoffe zu binden, genau wie bei der klassischen Wasserreinigung mit Chemikalien. Dadurch entstehen Flocken, die sich absetzen. Dieser Prozess ist schnell: Die Verweilzeit im Reaktor betr\u00e4gt oft nur 20 Minuten.[\/vc_column_text][\/vc_column][vc_column width=&#8220;1\/2&#8243; el_class=&#8220;automatische_section_text&#8220;][vc_column_text css=&#8220;.vc_custom_1765811150446{padding-top: 46px !important;}&#8220;]Die Flocken mit Verunreinigungen lassen sich leicht aus dem Abwasser trennen. Morselt setzt hierf\u00fcr standardm\u00e4\u00dfig eine Kammerfilterpresse ein, die die Schadstoffe zu einem m\u00f6glichst kleinen Restkuchen aufkonzentriert. Die Kammerfilterpresse erzeugt au\u00dferdem ein klares Wasserfiltrat, das wiederverwendet oder kosteng\u00fcnstiger entsorgt werden kann.[\/vc_column_text][vc_column_text css=&#8220;.vc_custom_1765811160244{padding-top: 16px !important;}&#8220;]F\u00fcr einen optimalen Elektrokoagulation Prozess ist pH-Wert und eine gute Leitf\u00e4higkeit des Abwassers wichtig. Bei Bedarf k\u00f6nnen pH-Wert und Leitf\u00e4higkeit optimiert werden, um einen m\u00f6glichst effizienten Prozess zu gew\u00e4hrleisten. Morselt kann Sie hierzu gerne beraten.[\/vc_column_text][vc_single_image image=&#8220;2848&#8243; img_size=&#8220;full&#8220; css=&#8220;.vc_custom_1768828806057{padding-top: 20px !important;padding-bottom: 16px !important;}&#8220; image_alt=&#8220;Redbox&#8220;][\/vc_column][\/vc_row][vc_row css=&#8220;.vc_custom_1765810684834{margin-top: 32px !important;margin-bottom: 32px !important;}&#8220;][vc_column][vc_column_text css=&#8220;.vc_custom_1765811227895{padding-top: 32px !important;padding-bottom: 32px !important;}&#8220;]<\/p>\n<h3 style=\"text-align: center;\">Unsere projekte<\/h3>\n<p>[\/vc_column_text]<div class=\"vc-projecten-slider\"><div class=\"vc_projecten_slider_inner\">\t\t<div id=\"splide_projects\" class=\"splide splide_projects\">\n\t\t\t<div class=\"splide__track\">\n\t\t\t\t<ul class=\"splide__list\">\n\t\t\t\t\t\t\t\t\t\t\t<li class=\"splide__slide project\">\n\t\t\t\t\t\t\t<div class=\"project-card\">\n\t\t\t\t\t\t\t\t<a class=\"project-link\" href=\"https:\/\/www.morselt.com\/de\/projecten\/morselt-redbox-lackierfabrik\/\">\n\t\t\t\t\t\t\t\t\t<div class=\"project-thumb\">\n\t\t\t\t\t\t\t\t\t\t<img decoding=\"async\" width=\"300\" height=\"225\" src=\"https:\/\/www.morselt.com\/wp-content\/uploads\/Ontwerp-zonder-titel-2026-01-19T161346.238-300x225.jpg\" class=\"attachment-medium size-medium wp-post-image\" alt=\"Morselt Verffabriek\" srcset=\"https:\/\/www.morselt.com\/wp-content\/uploads\/Ontwerp-zonder-titel-2026-01-19T161346.238-300x225.jpg 300w, https:\/\/www.morselt.com\/wp-content\/uploads\/Ontwerp-zonder-titel-2026-01-19T161346.238-768x576.jpg 768w, https:\/\/www.morselt.com\/wp-content\/uploads\/Ontwerp-zonder-titel-2026-01-19T161346.238-250x188.jpg 250w, https:\/\/www.morselt.com\/wp-content\/uploads\/Ontwerp-zonder-titel-2026-01-19T161346.238.jpg 800w\" sizes=\"(max-width: 300px) 100vw, 300px\" title=\"Waterzuivering\">\t\t\t\t\t\t\t\t\t<\/div>\n\t\t\t\t\t\t\t\t\t<div class=\"project-title\">\n\t\t\t\t\t\t\t\t\t\t<h3>Morselt RedBox | Lackierfabrik<\/h3>\n\t\t\t\t\t\t\t\t\t<\/div>\n\t\t\t\t\t\t\t\t<\/a>\n\t\t\t\t\t\t\t<\/div>\n\t\t\t\t\t\t<\/li>\n\t\t\t\t\t\t\t\t\t\t\t<li class=\"splide__slide project\">\n\t\t\t\t\t\t\t<div class=\"project-card\">\n\t\t\t\t\t\t\t\t<a class=\"project-link\" href=\"https:\/\/www.morselt.com\/de\/projecten\/morselt-redbox-metalle-und-oberflaechenbehandlung\/\">\n\t\t\t\t\t\t\t\t\t<div class=\"project-thumb\">\n\t\t\t\t\t\t\t\t\t\t<img decoding=\"async\" width=\"300\" height=\"225\" src=\"https:\/\/www.morselt.com\/wp-content\/uploads\/20231018_145857-300x225.jpg\" class=\"attachment-medium size-medium wp-post-image\" alt=\"Waterzuivering\" srcset=\"https:\/\/www.morselt.com\/wp-content\/uploads\/20231018_145857-300x225.jpg 300w, https:\/\/www.morselt.com\/wp-content\/uploads\/20231018_145857-1024x768.jpg 1024w, https:\/\/www.morselt.com\/wp-content\/uploads\/20231018_145857-768x576.jpg 768w, https:\/\/www.morselt.com\/wp-content\/uploads\/20231018_145857-250x187.jpg 250w, https:\/\/www.morselt.com\/wp-content\/uploads\/20231018_145857.jpg 1514w\" sizes=\"(max-width: 300px) 100vw, 300px\" title=\"Waterzuivering\">\t\t\t\t\t\t\t\t\t<\/div>\n\t\t\t\t\t\t\t\t\t<div class=\"project-title\">\n\t\t\t\t\t\t\t\t\t\t<h3>Morselt RedBox | Metalle und Oberfl\u00e4chenbehandlung<\/h3>\n\t\t\t\t\t\t\t\t\t<\/div>\n\t\t\t\t\t\t\t\t<\/a>\n\t\t\t\t\t\t\t<\/div>\n\t\t\t\t\t\t<\/li>\n\t\t\t\t\t\t\t\t\t\t\t<li class=\"splide__slide project\">\n\t\t\t\t\t\t\t<div class=\"project-card\">\n\t\t\t\t\t\t\t\t<a class=\"project-link\" href=\"https:\/\/www.morselt.com\/de\/projecten\/morselt-redbox-chemische-industrie\/\">\n\t\t\t\t\t\t\t\t\t<div class=\"project-thumb\">\n\t\t\t\t\t\t\t\t\t\t<img decoding=\"async\" width=\"300\" height=\"225\" src=\"https:\/\/www.morselt.com\/wp-content\/uploads\/Ontwerp-zonder-titel-2026-01-19T150454.114-300x225.jpg\" class=\"attachment-medium size-medium wp-post-image\" alt=\"Chemische Industrie\" srcset=\"https:\/\/www.morselt.com\/wp-content\/uploads\/Ontwerp-zonder-titel-2026-01-19T150454.114-300x225.jpg 300w, https:\/\/www.morselt.com\/wp-content\/uploads\/Ontwerp-zonder-titel-2026-01-19T150454.114-768x576.jpg 768w, https:\/\/www.morselt.com\/wp-content\/uploads\/Ontwerp-zonder-titel-2026-01-19T150454.114-250x188.jpg 250w, https:\/\/www.morselt.com\/wp-content\/uploads\/Ontwerp-zonder-titel-2026-01-19T150454.114.jpg 800w\" sizes=\"(max-width: 300px) 100vw, 300px\" title=\"Waterzuivering\">\t\t\t\t\t\t\t\t\t<\/div>\n\t\t\t\t\t\t\t\t\t<div class=\"project-title\">\n\t\t\t\t\t\t\t\t\t\t<h3>Morselt RedBox | Chemische Industrie<\/h3>\n\t\t\t\t\t\t\t\t\t<\/div>\n\t\t\t\t\t\t\t\t<\/a>\n\t\t\t\t\t\t\t<\/div>\n\t\t\t\t\t\t<\/li>\n\t\t\t\t\t\t\t\t\t\t\t<li class=\"splide__slide project\">\n\t\t\t\t\t\t\t<div class=\"project-card\">\n\t\t\t\t\t\t\t\t<a class=\"project-link\" href=\"https:\/\/www.morselt.com\/de\/projecten\/morselt-redbox-industriereinigung\/\">\n\t\t\t\t\t\t\t\t\t<div class=\"project-thumb\">\n\t\t\t\t\t\t\t\t\t\t<img decoding=\"async\" width=\"300\" height=\"225\" src=\"https:\/\/www.morselt.com\/wp-content\/uploads\/Ontwerp-zonder-titel-2026-01-19T122002.903-300x225.jpg\" class=\"attachment-medium size-medium wp-post-image\" alt=\"Industri\u00eble reiniging\" srcset=\"https:\/\/www.morselt.com\/wp-content\/uploads\/Ontwerp-zonder-titel-2026-01-19T122002.903-300x225.jpg 300w, https:\/\/www.morselt.com\/wp-content\/uploads\/Ontwerp-zonder-titel-2026-01-19T122002.903-768x576.jpg 768w, https:\/\/www.morselt.com\/wp-content\/uploads\/Ontwerp-zonder-titel-2026-01-19T122002.903-250x188.jpg 250w, https:\/\/www.morselt.com\/wp-content\/uploads\/Ontwerp-zonder-titel-2026-01-19T122002.903.jpg 800w\" sizes=\"(max-width: 300px) 100vw, 300px\" title=\"Waterzuivering\">\t\t\t\t\t\t\t\t\t<\/div>\n\t\t\t\t\t\t\t\t\t<div class=\"project-title\">\n\t\t\t\t\t\t\t\t\t\t<h3>Morselt RedBox | Industriereinigung<\/h3>\n\t\t\t\t\t\t\t\t\t<\/div>\n\t\t\t\t\t\t\t\t<\/a>\n\t\t\t\t\t\t\t<\/div>\n\t\t\t\t\t\t<\/li>\n\t\t\t\t\t\t\t\t\t\t\t<li class=\"splide__slide project\">\n\t\t\t\t\t\t\t<div class=\"project-card\">\n\t\t\t\t\t\t\t\t<a class=\"project-link\" href=\"https:\/\/www.morselt.com\/de\/projecten\/morselt-redbox-kartonagenindustrie\/\">\n\t\t\t\t\t\t\t\t\t<div class=\"project-thumb\">\n\t\t\t\t\t\t\t\t\t\t<img decoding=\"async\" width=\"300\" height=\"225\" src=\"https:\/\/www.morselt.com\/wp-content\/uploads\/Ontwerp-zonder-titel-2026-01-19T133059.115-300x225.jpg\" class=\"attachment-medium size-medium wp-post-image\" alt=\"Morselt Kartonnage\" srcset=\"https:\/\/www.morselt.com\/wp-content\/uploads\/Ontwerp-zonder-titel-2026-01-19T133059.115-300x225.jpg 300w, https:\/\/www.morselt.com\/wp-content\/uploads\/Ontwerp-zonder-titel-2026-01-19T133059.115-768x576.jpg 768w, https:\/\/www.morselt.com\/wp-content\/uploads\/Ontwerp-zonder-titel-2026-01-19T133059.115-250x188.jpg 250w, https:\/\/www.morselt.com\/wp-content\/uploads\/Ontwerp-zonder-titel-2026-01-19T133059.115.jpg 800w\" sizes=\"(max-width: 300px) 100vw, 300px\" title=\"Waterzuivering\">\t\t\t\t\t\t\t\t\t<\/div>\n\t\t\t\t\t\t\t\t\t<div class=\"project-title\">\n\t\t\t\t\t\t\t\t\t\t<h3>Morselt RedBox | Kartonagenindustrie<\/h3>\n\t\t\t\t\t\t\t\t\t<\/div>\n\t\t\t\t\t\t\t\t<\/a>\n\t\t\t\t\t\t\t<\/div>\n\t\t\t\t\t\t<\/li>\n\t\t\t\t\t\t\t\t\t\t\t<li class=\"splide__slide project\">\n\t\t\t\t\t\t\t<div class=\"project-card\">\n\t\t\t\t\t\t\t\t<a class=\"project-link\" href=\"https:\/\/www.morselt.com\/de\/projecten\/abwasseraufbereitung-cws-waeschereien\/\">\n\t\t\t\t\t\t\t\t\t<div class=\"project-thumb\">\n\t\t\t\t\t\t\t\t\t\t<img decoding=\"async\" width=\"300\" height=\"225\" src=\"https:\/\/www.morselt.com\/wp-content\/uploads\/Ontwerp-zonder-titel-2026-01-19T143930.742-300x225.jpg\" class=\"attachment-medium size-medium wp-post-image\" alt=\"CWS\" srcset=\"https:\/\/www.morselt.com\/wp-content\/uploads\/Ontwerp-zonder-titel-2026-01-19T143930.742-300x225.jpg 300w, https:\/\/www.morselt.com\/wp-content\/uploads\/Ontwerp-zonder-titel-2026-01-19T143930.742-768x576.jpg 768w, https:\/\/www.morselt.com\/wp-content\/uploads\/Ontwerp-zonder-titel-2026-01-19T143930.742-250x188.jpg 250w, https:\/\/www.morselt.com\/wp-content\/uploads\/Ontwerp-zonder-titel-2026-01-19T143930.742.jpg 800w\" sizes=\"(max-width: 300px) 100vw, 300px\" title=\"Waterzuivering\">\t\t\t\t\t\t\t\t\t<\/div>\n\t\t\t\t\t\t\t\t\t<div class=\"project-title\">\n\t\t\t\t\t\t\t\t\t\t<h3>Abwasseraufbereitung CWS W\u00e4schereien<\/h3>\n\t\t\t\t\t\t\t\t\t<\/div>\n\t\t\t\t\t\t\t\t<\/a>\n\t\t\t\t\t\t\t<\/div>\n\t\t\t\t\t\t<\/li>\n\t\t\t\t\t\t\t\t\t<\/ul>\n\t\t\t<\/div>\n\t\t<\/div>\n\t\t\t<script type=\"text\/javascript\" charset=\"utf-8\">\n\t\tdocument.addEventListener(\"DOMContentLoaded\", function(event) {\n\n\t\t\tvar elms = document.getElementsByClassName('splide_projects');\n\n\t\t\tfor (var i = 0; i < elms.length; i++) {\n\t\t\t\tnew Splide(elms[i], {\n\t\t\t\t\ttype: 'loop',\n\t\t\t\t\tautoplay: false,\n\t\t\t\t\tarrows: true,\n\t\t\t\t\tperPage: 3,\n\t\t\t\t\tperMove: 1,\n\t\t\t\t\tpagination: false,\n\t\t\t\t\tgap: 30,\n\t\t\t\t\tbreakpoints: {\n\t\t\t\t\t\t768: {\n\t\t\t\t\t\t\tperPage: 1\n\t\t\t\t\t\t}\n\t\t\t\t\t}\n\t\t\t\t}).mount();\n\t\t\t}\n\n\t\t});\n\t<\/script>\n\n<\/div><\/div>[\/vc_column][\/vc_row][vc_row full_width=&#8220;stretch_row&#8220; el_class=&#8220;benieuwd_section&#8220; css=&#8220;.vc_custom_1753337883887{background-color: #980321 !important;}&#8220;][vc_column width=&#8220;1\/2&#8243; el_class=&#8220;benieuwd_section_title&#8220;][vc_column_text css=&#8220;&#8220; el_class=&#8220;bg_subtitle&#8220;]<\/p>\n<h6>NEUGIERIG<\/h6>\n<p>[\/vc_column_text][vc_column_text css=&#8220;&#8220;]<\/p>\n<h2>Kontaktieren sie uns<\/h2>\n<p>[\/vc_column_text][\/vc_column][vc_column width=&#8220;1\/2&#8243; el_class=&#8220;benieuwd_section_btn&#8220;][vc_btn title=&#8220;Kontakt aufnehmen&#8220; align=&#8220;right&#8220; css=&#8220;&#8220; el_class=&#8220;bluw-btn-primary&#8220; link=&#8220;url:%2Fde%2Fcontact%2F|title:CONTACT&#8220;][\/vc_column][\/vc_row][vc_row disable_element=&#8220;yes&#8220; el_class=&#8220;chemievrije_section&#8220;][vc_column][vc_column_text css=&#8220;&#8220;]<\/p>\n<h3>Chemievrije waterzuivering voor uw bedrijf<\/h3>\n<p>[\/vc_column_text][vc_column_text css=&#8220;&#8220;]Elektrocoagulatie is een beproefde techniek voor afvalwaterzuivering, gebaseerd op elektrochemische technologie: elektroden in afvalwater geven ionen af die verontreinigingen binden. Hierbij vormen zich vlokken die gemakkelijk uit het water kunnen worden afgescheiden. Verontreinigingen worden vastgelegd in een compacte filterkoek, het gezuiverde water kan worden hergebruikt of geloosd. Met elektrocoagulatie verwijdert u effectief verontreinigende stoffen uit afvalwater zoals zware metalen, olieresten en koolwaterstoffen, CZV en zwevend stof.[\/vc_column_text][\/vc_column][\/vc_row][vc_row disable_element=&#8220;yes&#8220; el_class=&#8220;toepassing_section&#8220;][vc_column width=&#8220;1\/2&#8243; el_class=&#8220;toepassing_section_text&#8220;][vc_column_text css=&#8220;&#8220;]<\/p>\n<h3>Toepassing<\/h3>\n<p>[\/vc_column_text][vc_column_text css=&#8220;&#8220;]De waterzuivering met Morselt RedBox elektrocoagulatie is toepasbaar in een groot aantal industrie\u00ebn en processen, waaronder:[\/vc_column_text][vc_column_text css=&#8220;&#8220;]<\/p>\n<ul>\n<li>Metaalbewerking<\/li>\n<li>Kartonnage en papier<\/li>\n<li>Galvanische industrie<\/li>\n<li>Verf en kleurstoffen<\/li>\n<li>Textiel<\/li>\n<li>Industri\u00eble reiniging<\/li>\n<li>Voedingsmiddelen<\/li>\n<\/ul>\n<p>[\/vc_column_text][vc_btn title=&#8220;Neem vrijblijvend contact op&#8220; css=&#8220;&#8220;][\/vc_column][vc_column width=&#8220;1\/2&#8243; el_class=&#8220;toepassing_section_img&#8220;][vc_single_image image=&#8220;2669&#8243; img_size=&#8220;full&#8220; alignment=&#8220;right&#8220; css=&#8220;&#8220; image_alt=&#8220;Afvalwater zuivering&#8220;][\/vc_column][\/vc_row][vc_row full_width=&#8220;stretch_row&#8220; disable_element=&#8220;yes&#8220; el_class=&#8220;voordelen_section&#8220; css=&#8220;.vc_custom_1765811295414{background-color: #0E1B2F !important;}&#8220;][vc_column][vc_column_text css=&#8220;&#8220; el_class=&#8220;voordelen_section_title&#8220;]<\/p>\n<h3 style=\"text-align: center;\">De voordelen op een rij:<\/h3>\n<p>[\/vc_column_text][vc_row_inner el_class=&#8220;voordelen_section_bg&#8220;][vc_column_inner el_class=&#8220;voordelen_section_bg_item&#8220; width=&#8220;1\/2&#8243;][vc_single_image image=&#8220;2720&#8243; img_size=&#8220;full&#8220; css=&#8220;&#8220;][vc_column_text css=&#8220;&#8220;]<\/p>\n<h4>Effici\u00ebnt en effectief:<\/h4>\n<p>RedBox verwijdert in \u00e9\u00e9n stap \u200b\u200bverschillende verontreinigingen zoals zware metalen, olieresten en organische verbindingen, zwevend stof en CZV.[\/vc_column_text][\/vc_column_inner][vc_column_inner el_class=&#8220;voordelen_section_bg_item&#8220; width=&#8220;1\/2&#8243;][vc_single_image image=&#8220;2723&#8243; img_size=&#8220;full&#8220; css=&#8220;&#8220;][vc_column_text css=&#8220;&#8220;]<\/p>\n<h4>Flexibel:<\/h4>\n<p>Het RedBox systeem wordt aangepast aan uw specifieke eisen en maakt nauwkeurige procescontrole simpel.[\/vc_column_text][\/vc_column_inner][vc_column_inner el_class=&#8220;voordelen_section_bg_item&#8220; width=&#8220;1\/2&#8243;][vc_single_image image=&#8220;2718&#8243; img_size=&#8220;full&#8220; css=&#8220;&#8220;][vc_column_text css=&#8220;&#8220;]<\/p>\n<h4>Chemievrij:<\/h4>\n<p>Doorgaans is inzet van chemicali\u00ebn niet nodig. Dit resulteert in lagere zuiveringskosten per m3, een lagere milieubelasting en optimaal gebruiksgemak.[\/vc_column_text][\/vc_column_inner][vc_column_inner el_class=&#8220;voordelen_section_bg_item&#8220; width=&#8220;1\/2&#8243;][vc_single_image image=&#8220;2726&#8243; img_size=&#8220;full&#8220; css=&#8220;&#8220;][vc_column_text css=&#8220;&#8220;]<\/p>\n<h4>Lagere kosten:<\/h4>\n<p>Morselt RedBox is eenvoudig te gebruiken en vergt minimaal onderhoud. Dit resulteert in lage bedrijfskosten en een langere levensduur.[\/vc_column_text][\/vc_column_inner][vc_column_inner el_class=&#8220;voordelen_section_bg_item&#8220; width=&#8220;1\/2&#8243;][vc_single_image image=&#8220;2715&#8243; img_size=&#8220;full&#8220; css=&#8220;&#8220;][vc_column_text css=&#8220;&#8220;]<\/p>\n<h4>Brede toepassing:<\/h4>\n<p>Elektrocoagulatie wordt al toegepast in veel industrie\u00ebn, waaronder metaalbewerking, galvano, verf- en lakproductie, kartonnage en industri\u00eble reiniging.[\/vc_column_text][\/vc_column_inner][vc_column_inner el_class=&#8220;voordelen_section_bg_item&#8220; width=&#8220;1\/2&#8243;][vc_single_image image=&#8220;2745&#8243; img_size=&#8220;full&#8220; css=&#8220;&#8220;][vc_column_text css=&#8220;&#8220;]<\/p>\n<h4>Geautomatiseerd:<\/h4>\n<p>RedBox is volledig geautomatiseerd en kan eenvoudig via een app op uw smartphone of computer worden gemonitord en bestuurd.[\/vc_column_text][\/vc_column_inner][\/vc_row_inner][\/vc_column][\/vc_row][vc_row disable_element=&#8220;yes&#8220; el_class=&#8220;morselt_redbox_bg_image&#8220;][vc_column][vc_single_image image=&#8220;2670&#8243; img_size=&#8220;full&#8220; alignment=&#8220;center&#8220; css=&#8220;&#8220; image_alt=&#8220;afvaltwaterzuivering op maat&#8220;][\/vc_column][\/vc_row][vc_row disable_element=&#8220;yes&#8220; el_class=&#8220;stukje_section_bg&#8220;][vc_column width=&#8220;1\/4&#8243; el_class=&#8220;stukje_section_bg_item&#8220;][vc_single_image image=&#8220;2730&#8243; img_size=&#8220;full&#8220; alignment=&#8220;center&#8220; css=&#8220;&#8220; el_class=&#8220;stukje_section_bg_item_icon&#8220;][vc_column_text css=&#8220;&#8220;]<\/p>\n<h4 style=\"text-align: center;\">MORSELT-Redbox<\/h4>\n<p>[\/vc_column_text][vc_single_image image=&#8220;2713&#8243; img_size=&#8220;full&#8220; alignment=&#8220;center&#8220; css=&#8220;&#8220; el_class=&#8220;arrow_icon&#8220;][\/vc_column][vc_column width=&#8220;1\/4&#8243; el_class=&#8220;stukje_section_bg_item&#8220;][vc_single_image image=&#8220;2721&#8243; img_size=&#8220;full&#8220; alignment=&#8220;center&#8220; css=&#8220;&#8220; el_class=&#8220;stukje_section_bg_item_icon&#8220;][vc_column_text css=&#8220;&#8220;]<\/p>\n<h4 style=\"text-align: center;\">Elektrocoagulatie<\/h4>\n<p>[\/vc_column_text][vc_single_image image=&#8220;2713&#8243; img_size=&#8220;full&#8220; alignment=&#8220;center&#8220; css=&#8220;&#8220; el_class=&#8220;arrow_icon&#8220;][\/vc_column][vc_column width=&#8220;1\/4&#8243; el_class=&#8220;stukje_section_bg_item&#8220;][vc_single_image image=&#8220;2733&#8243; img_size=&#8220;full&#8220; alignment=&#8220;center&#8220; css=&#8220;&#8220; el_class=&#8220;stukje_section_bg_item_icon&#8220;][vc_column_text css=&#8220;&#8220;]<\/p>\n<h4 style=\"text-align: center;\">Uw Industrie<\/h4>\n<p>[\/vc_column_text][vc_single_image image=&#8220;2713&#8243; img_size=&#8220;full&#8220; alignment=&#8220;center&#8220; css=&#8220;&#8220; el_class=&#8220;arrow_icon&#8220;][\/vc_column][vc_column width=&#8220;1\/4&#8243; el_class=&#8220;stukje_section_bg_item&#8220;][vc_single_image image=&#8220;2729&#8243; img_size=&#8220;full&#8220; alignment=&#8220;center&#8220; css=&#8220;&#8220; el_class=&#8220;stukje_section_bg_item_icon&#8220;][vc_column_text css=&#8220;&#8220;]<\/p>\n<h4 style=\"text-align: center;\">MORSELT Service<\/h4>\n<p>[\/vc_column_text][vc_single_image image=&#8220;2713&#8243; img_size=&#8220;full&#8220; alignment=&#8220;center&#8220; css=&#8220;&#8220; el_class=&#8220;arrow_icon&#8220;][\/vc_column][\/vc_row]<\/p>\n<\/div>","protected":false},"excerpt":{"rendered":"<p>[vc_row el_class=&#8220;duurzaam_section&#8220;][vc_column width=&#8220;1\/2&#8243; el_class=&#8220;duurzaam_section_text&#8220;][vc_column_text css=&#8220;&#8220;] Die Vorteile von Morselt RedBox [\/vc_column_text][vc_column_text css=&#8220;&#8220;]RedBox ist unser kompaktes, automatisiertes Abwasserbehandlungssystem auf Basis von&#8230;<\/p>\n","protected":false},"author":1,"featured_media":0,"parent":2968,"menu_order":0,"comment_status":"closed","ping_status":"closed","template":"","meta":{"_acf_changed":false,"footnotes":""},"class_list":["post-2434","page","type-page","status-publish","hentry"],"acf":[],"_links":{"self":[{"href":"https:\/\/www.morselt.com\/de\/wp-json\/wp\/v2\/pages\/2434","targetHints":{"allow":["GET"]}}],"collection":[{"href":"https:\/\/www.morselt.com\/de\/wp-json\/wp\/v2\/pages"}],"about":[{"href":"https:\/\/www.morselt.com\/de\/wp-json\/wp\/v2\/types\/page"}],"author":[{"embeddable":true,"href":"https:\/\/www.morselt.com\/de\/wp-json\/wp\/v2\/users\/1"}],"replies":[{"embeddable":true,"href":"https:\/\/www.morselt.com\/de\/wp-json\/wp\/v2\/comments?post=2434"}],"version-history":[{"count":0,"href":"https:\/\/www.morselt.com\/de\/wp-json\/wp\/v2\/pages\/2434\/revisions"}],"up":[{"embeddable":true,"href":"https:\/\/www.morselt.com\/de\/wp-json\/wp\/v2\/pages\/2968"}],"wp:attachment":[{"href":"https:\/\/www.morselt.com\/de\/wp-json\/wp\/v2\/media?parent=2434"}],"curies":[{"name":"wp","href":"https:\/\/api.w.org\/{rel}","templated":true}]}}