{"id":2400,"date":"2025-09-26T16:03:05","date_gmt":"2025-09-26T15:03:05","guid":{"rendered":"https:\/\/www.morselt.com\/?page_id=2400"},"modified":"2026-04-13T13:13:21","modified_gmt":"2026-04-13T12:13:21","slug":"wasserreinigung","status":"publish","type":"page","link":"https:\/\/www.morselt.com\/de\/abwasseraufbereitung\/wasserreinigung\/","title":{"rendered":"Abwasserreinigung"},"content":{"rendered":"<div class=\"wpb-content-wrapper\"><p>[vc_row content_placement=&#8220;middle&#8220; el_class=&#8220;moderne_section_text&#8220;][vc_column width=&#8220;1\/2&#8243;][vc_column_text css=&#8220;&#8220;]<\/p>\n<h3>Abasseraufbereitung f\u00fcr die Industrie<\/h3>\n<p>[\/vc_column_text][vc_column_text css=&#8220;&#8220;]<span style=\"font-weight: 400;\">Unternehmen sehen sich zunehmend konfrontiert mit strengen Einleitungsstandards, hohen Einleitungsgeb\u00fchren und der Notwendigkeit, nachhaltig zu produzieren. Eine effiziente Abasseraufbereitung ist f\u00fcr einen verantwortungsvollen Gesch\u00e4ftsbetrieb unerl\u00e4sslich. Morselt liefert komplette Wasseraufbereitungsanlagen, die Prozess- und Abwasser effektiv reinigen und Wasser wiederverwendbar machen.<\/span>[\/vc_column_text][vc_btn title=&#8220;Nehmen sie unverbindlich kontakt auf&#8220; css=&#8220;.vc_custom_1768828512769{margin-top: 25px !important;}&#8220; link=&#8220;url:%2Fde%2Fcontact%2F|title:KONTAKT&#8220;][\/vc_column][vc_column width=&#8220;1\/2&#8243;][vc_single_image image=&#8220;2813&#8243; img_size=&#8220;full&#8220; alignment=&#8220;right&#8220; css=&#8220;&#8220; image_alt=&#8220;Waterzuivering&#8220;][\/vc_column][\/vc_row][vc_row content_placement=&#8220;middle&#8220; el_class=&#8220;duurzaam_section&#8220;][vc_column width=&#8220;1\/2&#8243; el_class=&#8220;duurzaam_section_text&#8220;][vc_column_text css=&#8220;&#8220;]<\/p>\n<h3>Abwasseraufbereitung nach Morselt<\/h3>\n<p>[\/vc_column_text][vc_column_text css=&#8220;&#8220;]Die Abwasserreinigung geh\u00f6rt f\u00fcr die meisten Unternehmen nicht zu den Kernt\u00e4tigkeiten, ist aber eine Notwendigkeit f\u00fcr einen nachhaltigen und verantwortungsvollen Gesch\u00e4ftsbetrieb. Morselt entwirft zukunftssichere Anlagen mit Blick auf Benutzerfreundlichkeit und niedrigere Aufbereitungskosten. Die richtige Vorgehensweise verhindert Ausfallzeiten, spart Kosten und stellt sicher, dass Sie Gesetze und Vorschriften einhalten.[\/vc_column_text][\/vc_column][vc_column width=&#8220;1\/2&#8243; el_class=&#8220;duurzaam_section_img&#8220;][vc_single_image image=&#8220;2811&#8243; img_size=&#8220;full&#8220; css=&#8220;&#8220; image_alt=&#8220;Afvalwaterzuivering Morselt&#8220;][\/vc_column][\/vc_row][vc_row disable_element=&#8220;yes&#8220;][vc_column][\/vc_column][\/vc_row][vc_row full_width=&#8220;stretch_row&#8220; disable_element=&#8220;yes&#8220; el_class=&#8220;topprestaties_section&#8220; css=&#8220;.vc_custom_1765807087272{background-color: #0E1B2F !important;}&#8220;][vc_column width=&#8220;1\/2&#8243; el_class=&#8220;topprestaties_section_img&#8220;][vc_single_image image=&#8220;2387&#8243; img_size=&#8220;full&#8220; css=&#8220;&#8220;][\/vc_column][vc_column width=&#8220;1\/2&#8243; el_class=&#8220;topprestaties_section_text&#8220;][vc_column_text css=&#8220;&#8220;]<\/p>\n<p style=\"text-align: center;\"><strong>Unsere L\u00f6sungen ansehen<\/strong><\/p>\n<p>[\/vc_column_text][\/vc_column][\/vc_row][vc_row css=&#8220;.vc_custom_1774451063859{margin-bottom: 64px !important;}&#8220;][vc_column][vc_column_text css=&#8220;&#8220;]<\/p>\n<p style=\"text-align: center;\"><strong>Unsere L\u00f6sungen<\/strong><\/p>\n<p>[\/vc_column_text][\/vc_column][\/vc_row][vc_row el_class=&#8220;stukje_section_bg&#8220;][vc_column width=&#8220;1\/3&#8243; el_class=&#8220;stukje_section_bg_item&#8220; column_link=&#8220;url:%2Fde%2Fabwasseraufbereitung%2Fmorselt-redbox%2F|title:Morselt%20RedBox&#8220;][vc_single_image image=&#8220;2733&#8243; img_size=&#8220;full&#8220; alignment=&#8220;center&#8220; css=&#8220;&#8220; el_class=&#8220;stukje_section_bg_item_icon&#8220;][vc_column_text css=&#8220;&#8220;]<\/p>\n<h4 style=\"text-align: center;\">Morselt RedBox<\/h4>\n<p>[\/vc_column_text][vc_single_image image=&#8220;2713&#8243; img_size=&#8220;full&#8220; alignment=&#8220;center&#8220; css=&#8220;&#8220; el_class=&#8220;arrow_icon&#8220;][\/vc_column][vc_column width=&#8220;1\/3&#8243; el_class=&#8220;stukje_section_bg_item&#8220; column_link=&#8220;url:https%3A%2F%2Fwww.morselt.com%2Fde%2Fabwasseraufbereitung%2Ffilterpresse%2F|title:Filterpresse&#8220;][vc_single_image image=&#8220;2730&#8243; img_size=&#8220;full&#8220; alignment=&#8220;center&#8220; css=&#8220;&#8220; el_class=&#8220;stukje_section_bg_item_icon&#8220;][vc_column_text css=&#8220;&#8220;]<\/p>\n<h4 style=\"text-align: center;\">Filterpresse<\/h4>\n<p>[\/vc_column_text][vc_single_image image=&#8220;2713&#8243; img_size=&#8220;full&#8220; alignment=&#8220;center&#8220; css=&#8220;&#8220; el_class=&#8220;arrow_icon&#8220;][\/vc_column][vc_column width=&#8220;1\/3&#8243; el_class=&#8220;stukje_section_bg_item&#8220; column_link=&#8220;url:%2Fde%2Fabwasseraufbereitung%2Fmorselt-service%2F|title:Uw%20industrie&#8220;][vc_single_image image=&#8220;2729&#8243; img_size=&#8220;full&#8220; alignment=&#8220;center&#8220; css=&#8220;&#8220; el_class=&#8220;stukje_section_bg_item_icon&#8220;][vc_column_text css=&#8220;&#8220;]<\/p>\n<h4 style=\"text-align: center;\">Vorgehensweise &amp; Service<\/h4>\n<p>[\/vc_column_text][vc_single_image image=&#8220;2713&#8243; img_size=&#8220;full&#8220; alignment=&#8220;center&#8220; css=&#8220;&#8220; el_class=&#8220;arrow_icon&#8220;][\/vc_column][\/vc_row][vc_row full_width=&#8220;stretch_row&#8220; disable_element=&#8220;yes&#8220; el_class=&#8220;topprestaties_section&#8220; css=&#8220;.vc_custom_1774450978497{background-color: #0E1B2F !important;}&#8220;][vc_column width=&#8220;1\/2&#8243; el_class=&#8220;topprestaties_section_img&#8220;][vc_single_image image=&#8220;2387&#8243; img_size=&#8220;full&#8220; css=&#8220;&#8220; image_alt=&#8220;Red Box&#8220;][\/vc_column][vc_column width=&#8220;1\/2&#8243; el_class=&#8220;topprestaties_section_text&#8220;][vc_column_text css=&#8220;&#8220;]<\/p>\n<h3>De voordelen van Morselt industri\u00eble waterzuivering<\/h3>\n<p>[\/vc_column_text][vc_column_text css=&#8220;.vc_custom_1760436570058{margin-bottom: 16px !important;}&#8220;]<\/p>\n<p class=\"p1\">Een industri\u00eble waterzuiveringsinstallatie van Morselt biedt belangrijke voordelen:<\/p>\n<ul>\n<li><span style=\"color: #ffffff;\"> &#8211; Lage operationele kosten door effici\u00ebnt energiegebruik, bedieningsgemak en chemievrije processen<\/span><\/li>\n<li><span style=\"color: #ffffff;\"> &#8211; Lage onderhoudskosten<\/span><\/li>\n<li><span style=\"color: #ffffff;\"> &#8211; Kostenbesparend door minimale afvoer van reststoffen<\/span><\/li>\n<li><span style=\"color: #ffffff;\"> &#8211; Hergebruik van water<\/span><\/li>\n<\/ul>\n<p>[\/vc_column_text][vc_column_text css=&#8220;&#8220;]<\/p>\n<p class=\"p1\">Morselt heeft de specialisten om voor elk afvalwater een passende waterzuivering te leveren. Zo weet u zeker dat uw waterzuivering past bij uw situatie en mee kan groeien met uw bedrijf.<\/p>\n<p>[\/vc_column_text][vc_btn title=&#8220;Benieuwd naar de mogelijkheden?&#8220; style=&#8220;btn-secondary&#8220; css=&#8220;&#8220; link=&#8220;url:%2Fcontact%2F&#8220;][\/vc_column][\/vc_row][vc_row full_width=&#8220;stretch_row&#8220; disable_element=&#8220;yes&#8220; el_class=&#8220;ontwerp_section&#8220; css=&#8220;.vc_custom_1765807093356{background-color: #0E1B2F !important;}&#8220;][vc_column width=&#8220;1\/2&#8243; el_class=&#8220;ontwerp_section_text&#8220;][vc_column_text css=&#8220;&#8220;]<\/p>\n<h3>Onze aanpak: Hoe bouwen wij uw waterzuivering?<\/h3>\n<p>[\/vc_column_text][vc_column_text css=&#8220;.vc_custom_1760436256277{margin-bottom: 16px !important;}&#8220;]Een project bij Morselt begint met een grondige analyse: we testen uw watermonsters in ons eigen laboratorium en bepalen hoe uw water effici\u00ebnt gezuiverd kan worden. Op basis daarvan ontvangt u een helder advies met de technische mogelijkheden.<\/p>\n<p>[\/vc_column_text][vc_column_text css=&#8220;.vc_custom_1760436262012{margin-bottom: 16px !important;}&#8220;]Voor helder inzicht in het resultaat en de kosten van zuivering beschikt Morselt over compacte pilotinstallaties die bij u op locatie kunnen proefdraaien. Zo kunt u ook ervaring opdoen met het gemak van onze techniek.[\/vc_column_text][vc_column_text css=&#8220;.vc_custom_1760436266673{margin-bottom: 16px !important;}&#8220;]Daarna ontwerpen en bouwen onze technici in overleg met u uw installatie. We zorgen voor een veilige en effici\u00ebnte plaatsing en begeleiden de oplevering en inbedrijfstelling, inclusief instellingen van besturing en monitoring.<\/p>\n<p>[\/vc_column_text][vc_column_text css=&#8220;.vc_custom_1760436271530{margin-bottom: 16px !important;}&#8220;]Ook na oplevering blijven wij betrokken. Met onderhoud, service en procesoptimalisatie zorgen wij dat uw waterzuiveringsinstallatie betrouwbaar blijft functioneren en voldoet aan de normen.[\/vc_column_text][\/vc_column][vc_column width=&#8220;1\/2&#8243; el_class=&#8220;ontwerp_section_img&#8220;][vc_single_image image=&#8220;2388&#8243; img_size=&#8220;full&#8220; alignment=&#8220;right&#8220; css=&#8220;&#8220;][\/vc_column][\/vc_row][vc_row disable_element=&#8220;yes&#8220; el_class=&#8220;automatische_section&#8220;][vc_column width=&#8220;1\/2&#8243; el_class=&#8220;automatische_section_img&#8220;][vc_single_image image=&#8220;2389&#8243; img_size=&#8220;full&#8220; css=&#8220;&#8220;][\/vc_column][vc_column width=&#8220;1\/2&#8243; el_class=&#8220;automatische_section_text&#8220;][vc_column_text css=&#8220;&#8220;]<\/p>\n<h3>RedBox: de compacte waterzuiveringsinstallatie<\/h3>\n<p>[\/vc_column_text][vc_column_text css=&#8220;&#8220;]\u00c9\u00e9n van onze innovatieve oplossingen is de <a href=\"\/afvalwaterzuivering\/redbox\/\">RedBox<\/a>.<\/p>\n<p>Dit compacte systeem voor industri\u00eble waterzuivering werkt op basis van\u00a0<a href=\"\/afvalwaterzuivering\/ed-coagulatie\/\">Electrocoagulatie<\/a>, een krachtige techniek voor verwijdering van verschillende verontreinigingen in \u00e9\u00e9n stap.<\/p>\n<p>Vraag een <a href=\"https:\/\/www.morselt.com\/de\/kontakt\/\">adviesgesprek aan<\/a> en ontdek of de RedBox geschikt is voor uw afvalwater.[\/vc_column_text][\/vc_column][\/vc_row][vc_row full_width=&#8220;stretch_row&#8220; el_class=&#8220;benieuwd_section&#8220; css=&#8220;.vc_custom_1753337883887{background-color: #980321 !important;}&#8220;][vc_column width=&#8220;1\/2&#8243; el_class=&#8220;benieuwd_section_title&#8220;][vc_column_text css=&#8220;&#8220; el_class=&#8220;bg_subtitle&#8220;]<\/p>\n<h6>INTERESSIERT?<\/h6>\n<p>[\/vc_column_text][vc_column_text css=&#8220;&#8220;]<\/p>\n<h3>Kontaktieren sie uns<\/h3>\n<p>[\/vc_column_text][\/vc_column][vc_column width=&#8220;1\/2&#8243; el_class=&#8220;benieuwd_section_btn&#8220;][vc_btn title=&#8220;Nehmen sie unverbindlich kontakt auf&#8220; align=&#8220;right&#8220; css=&#8220;&#8220; el_class=&#8220;bluw-btn-primary&#8220; link=&#8220;url:%2Fde%2Fcontact%2F&#8220;][\/vc_column][\/vc_row][vc_row content_placement=&#8220;middle&#8220; el_class=&#8220;chemievrije_section&#8220;][vc_column width=&#8220;1\/2&#8243;][vc_column_text css=&#8220;.vc_custom_1765807219005{margin-bottom: 16px !important;}&#8220;]<\/p>\n<h3>Einsatzgebiet<\/h3>\n<p>[\/vc_column_text][vc_column_text css=&#8220;.vc_custom_1776082381583{margin-bottom: 16px !important;}&#8220;]<\/p>\n<ul>\n<li><span style=\"font-weight: 400;\">Metallurgie<\/span><\/li>\n<li><span style=\"font-weight: 400;\">Papier und Wellpappe<\/span><\/li>\n<li><span style=\"font-weight: 400;\">Galvanische Industrie<\/span><\/li>\n<li><span style=\"font-weight: 400;\">Farben und Farbstoffe<\/span><\/li>\n<li><span style=\"font-weight: 400;\">Textil<\/span><\/li>\n<li><span style=\"font-weight: 400;\">Industrielle Reinigung<\/span><\/li>\n<li><span style=\"font-weight: 400;\">Bergbau und Mineralien<\/span><\/li>\n<\/ul>\n<p>[\/vc_column_text][vc_column_text css=&#8220;&#8220;]Abwasser oder Prozesswasser in diesen Sektoren enth\u00e4lt \u00fcblicherweise vielf\u00e4ltige Schadstoffe. Unsere Systeme entfernen Schadstoffe wie (Schwer-)Metalle, Kohlenwasserstoffe, \u00d6l und Emulsionen, Phosphate, CSB und Schwebstoffe.[\/vc_column_text][vc_column_text css=&#8220;&#8220;]Verunreinigungen lassen sich oft in einem einzigen Schritt entfernen, beispielsweise mit unserer RedBox mittels Elektrokoagulation: effektiv und kosteng\u00fcnstig. Durch eine zus\u00e4tzliche Nachbehandlung kann das Abwasser auf eine bestimmte Qualit\u00e4t aufbereitet werden, beispielsweise f\u00fcr die Wiederverwendung in Ihrem Prozess.[\/vc_column_text][\/vc_column][vc_column width=&#8220;1\/2&#8243;][vc_single_image image=&#8220;2812&#8243; img_size=&#8220;full&#8220; css=&#8220;&#8220; image_alt=&#8220;Morselt Redbox&#8220;][\/vc_column][\/vc_row][vc_row el_class=&#8220;duurzaam_section&#8220;][vc_column el_class=&#8220;toepassing_section_text&#8220;][vc_column_text css=&#8220;.vc_custom_1765807332989{margin-bottom: 16px !important;}&#8220;]<\/p>\n<h3>Gemeinsam an nachhaltiger wasseraufbereitung arbeiten<\/h3>\n<p>[\/vc_column_text][vc_column_text css=&#8220;&#8220;]<span style=\"font-weight: 400;\">Morselt Watertechniek bietet Ihnen dank unserer langj\u00e4hrigen Erfahrung und unseres Fachwissens f\u00fcr die meisten Abwasserarten eine effiziente L\u00f6sung. So k\u00f6nnen Sie sicher sein, dass Ihre Wasseraufbereitungsanlage optimal auf Ihre Bed\u00fcrfnisse zugeschnitten ist und mit Ihrem Unternehmen mitwachsen kann.<\/span>[\/vc_column_text][vc_btn title=&#8220;Nehmen sie unverbindlich kontakt auf&#8220; css=&#8220;.vc_custom_1768828538257{margin-top: 25px !important;}&#8220; link=&#8220;url:%2Fde%2Fcontact%2F&#8220;][\/vc_column][\/vc_row]<\/p>\n<\/div>","protected":false},"excerpt":{"rendered":"Abasseraufbereitung f\u00fcr die Industrie Unternehmen sehen sich zunehmend konfrontiert mit strengen Einleitungsstandards, hohen Einleitungsgeb\u00fchren und der Notwendigkeit, nachhaltig zu produzieren....","protected":false},"author":1,"featured_media":0,"parent":2968,"menu_order":0,"comment_status":"closed","ping_status":"closed","template":"","meta":{"_acf_changed":false,"footnotes":""},"class_list":["post-2400","page","type-page","status-publish","hentry"],"acf":[],"_links":{"self":[{"href":"https:\/\/www.morselt.com\/de\/wp-json\/wp\/v2\/pages\/2400","targetHints":{"allow":["GET"]}}],"collection":[{"href":"https:\/\/www.morselt.com\/de\/wp-json\/wp\/v2\/pages"}],"about":[{"href":"https:\/\/www.morselt.com\/de\/wp-json\/wp\/v2\/types\/page"}],"author":[{"embeddable":true,"href":"https:\/\/www.morselt.com\/de\/wp-json\/wp\/v2\/users\/1"}],"replies":[{"embeddable":true,"href":"https:\/\/www.morselt.com\/de\/wp-json\/wp\/v2\/comments?post=2400"}],"version-history":[{"count":2,"href":"https:\/\/www.morselt.com\/de\/wp-json\/wp\/v2\/pages\/2400\/revisions"}],"predecessor-version":[{"id":3567,"href":"https:\/\/www.morselt.com\/de\/wp-json\/wp\/v2\/pages\/2400\/revisions\/3567"}],"up":[{"embeddable":true,"href":"https:\/\/www.morselt.com\/de\/wp-json\/wp\/v2\/pages\/2968"}],"wp:attachment":[{"href":"https:\/\/www.morselt.com\/de\/wp-json\/wp\/v2\/media?parent=2400"}],"curies":[{"name":"wp","href":"https:\/\/api.w.org\/{rel}","templated":true}]}}